{"id":349,"date":"2024-09-18T08:53:08","date_gmt":"2024-09-18T11:53:08","guid":{"rendered":"https:\/\/escolaplenarius.com.br\/?page_id=349"},"modified":"2026-02-25T10:48:44","modified_gmt":"2026-02-25T13:48:44","slug":"op-de-maquinas-pesadas","status":"publish","type":"page","link":"https:\/\/escolaplenarius.com.br\/index.php\/op-de-maquinas-pesadas\/","title":{"rendered":"Op de M\u00e1quinas Pesadas"},"content":{"rendered":"\t\t<div data-elementor-type=\"wp-page\" data-elementor-id=\"349\" class=\"elementor elementor-349\" data-elementor-post-type=\"page\">\n\t\t\t\t<div class=\"elementor-element elementor-element-26e0d09 e-con-full e-flex e-con e-parent\" data-id=\"26e0d09\" data-element_type=\"container\" data-e-type=\"container\">\n\t\t\t\t<div class=\"elementor-element elementor-element-398b30a elementor-widget elementor-widget-image\" data-id=\"398b30a\" data-element_type=\"widget\" data-e-type=\"widget\" data-widget_type=\"image.default\">\n\t\t\t\t\t\t\t\t\t\t\t\t\t\t\t<img fetchpriority=\"high\" decoding=\"async\" width=\"3120\" height=\"1248\" src=\"https:\/\/escolaplenarius.com.br\/wp-content\/uploads\/2024\/09\/arteplenarius07.png\" class=\"attachment-full size-full wp-image-508\" alt=\"\" srcset=\"https:\/\/escolaplenarius.com.br\/wp-content\/uploads\/2024\/09\/arteplenarius07.png 3120w, https:\/\/escolaplenarius.com.br\/wp-content\/uploads\/2024\/09\/arteplenarius07-300x120.png 300w, https:\/\/escolaplenarius.com.br\/wp-content\/uploads\/2024\/09\/arteplenarius07-1024x410.png 1024w, https:\/\/escolaplenarius.com.br\/wp-content\/uploads\/2024\/09\/arteplenarius07-768x307.png 768w, https:\/\/escolaplenarius.com.br\/wp-content\/uploads\/2024\/09\/arteplenarius07-1536x614.png 1536w, https:\/\/escolaplenarius.com.br\/wp-content\/uploads\/2024\/09\/arteplenarius07-2048x819.png 2048w\" sizes=\"(max-width: 3120px) 100vw, 3120px\" \/>\t\t\t\t\t\t\t\t\t\t\t\t\t\t\t<\/div>\n\t\t\t\t<\/div>\n\t\t<div class=\"elementor-element elementor-element-415d46b e-flex e-con-boxed e-con e-parent\" data-id=\"415d46b\" data-element_type=\"container\" data-e-type=\"container\">\n\t\t\t\t\t<div class=\"e-con-inner\">\n\t\t\t\t<div class=\"elementor-element elementor-element-3c690a1 elementor-widget elementor-widget-heading\" data-id=\"3c690a1\" data-element_type=\"widget\" data-e-type=\"widget\" data-widget_type=\"heading.default\">\n\t\t\t\t\t<h2 class=\"elementor-heading-title elementor-size-default\">Curso Presencial de Operador de M\u00e1quinas Pesadas<\/h2>\t\t\t\t<\/div>\n\t\t\t\t<div class=\"elementor-element elementor-element-f23e6b1 elementor-widget elementor-widget-text-editor\" data-id=\"f23e6b1\" data-element_type=\"widget\" data-e-type=\"widget\" data-widget_type=\"text-editor.default\">\n\t\t\t\t\t\t\t\t\t<div class=\"flex-shrink-0 flex flex-col relative items-end\"><div><div class=\"pt-0\"><div class=\"gizmo-bot-avatar flex h-8 w-8 items-center justify-center overflow-hidden rounded-full\">\u00a0<\/div><\/div><\/div><\/div><div class=\"group\/conversation-turn relative flex w-full min-w-0 flex-col agent-turn\"><div class=\"flex-col gap-1 md:gap-3\"><div class=\"flex max-w-full flex-col flex-grow\"><div class=\"min-h-[20px] text-message flex w-full flex-col items-end gap-2 whitespace-normal break-words [.text-message+&amp;]:mt-5\" dir=\"auto\" data-message-author-role=\"assistant\" data-message-id=\"13812c40-d3bd-4cad-a937-e2cd43356b9e\"><div class=\"flex w-full flex-col gap-1 empty:hidden first:pt-[3px]\"><div class=\"markdown prose w-full break-words dark:prose-invert dark\"><h4>M\u00e1quinas Inclu\u00eddas no Curso:<\/h4><ul><li><strong>P\u00e1 Carregadeira<\/strong><\/li><li><strong>Escavadeira Hidr\u00e1ulica<\/strong><\/li><li><strong>Retroescavadeira<\/strong><\/li><\/ul><h4>Benef\u00edcios do Curso:<\/h4><ul><li><strong>Certifica\u00e7\u00e3o em NR&#8217;s<\/strong>: Seguran\u00e7a garantida para operar m\u00e1quinas.<\/li><li><strong>Certificado e Carteira de Operador<\/strong>: Reconhecidos nacionalmente conforme as Normas Regulamentadoras (NR&#8217;s).<\/li><li><strong>Certifica\u00e7\u00e3o Digital<\/strong>: V\u00e1lida em todo o Brasil e Mercosul.<\/li><li><strong>Ficha de Est\u00e1gio<\/strong>: At\u00e9 100 horas de est\u00e1gio supervisionado, aumentando suas chances de contrata\u00e7\u00e3o.<\/li><li><strong>Garantia Exclusiva de Aprendizado<\/strong>: Se n\u00e3o aprender, pode refazer o curso gratuitamente!<\/li><\/ul><h4>Diferenciais:<\/h4><ul><li>Curso aberto para <strong>ambos os sexos<\/strong>.<\/li><li>Potencial de <strong>faturamento<\/strong> de R$ 3.500,00 a R$ 10.000,00.<\/li><li><strong>Hospedagem gratuita<\/strong> para alunos da regi\u00e3o.<\/li><li><strong>Alto \u00edndice de empregabilidade<\/strong> no mercado.<\/li><li>N\u00e3o \u00e9 necess\u00e1rio possuir <strong>Carteira de Habilita\u00e7\u00e3o<\/strong>.<\/li><\/ul><h4>Sobre a Escola T\u00e9cnica Plenarius<\/h4><p>Com 26 anos de experi\u00eancia, a Escola T\u00e9cnica Plenarius \u00e9 refer\u00eancia em cursos voltados ao agroneg\u00f3cio, formando grandes profissionais que se destacam no mercado.<\/p><h4>Condi\u00e7\u00f5es Especiais:<\/h4><p>Aproveite <strong>valores promocionais<\/strong> e formas de pagamento que cabem no seu bolso!<\/p><\/div><h4>Participe e Seja o Protagonista da Sua Vida!<\/h4><p>Para mais informa\u00e7\u00f5es cadastre-se.<\/p><div class=\"markdown prose w-full break-words dark:prose-invert dark\"><h4>Inscreva-se Agora:<\/h4><p>\ud83d\udd14 <strong>Vagas limitadas!<\/strong> N\u00e3o perca essa chance de dar o primeiro passo rumo ao sucesso profissional.<\/p><p>\u00a0<\/p><\/div><\/div><\/div><\/div><\/div><\/div>\t\t\t\t\t\t\t\t<\/div>\n\t\t\t\t<div class=\"elementor-element elementor-element-d07cd23 elementor-align-left elementor-mobile-align-center elementor-widget elementor-widget-button\" data-id=\"d07cd23\" data-element_type=\"widget\" data-e-type=\"widget\" data-widget_type=\"button.default\">\n\t\t\t\t\t\t\t\t\t\t<a class=\"elementor-button elementor-button-link elementor-size-sm\" href=\"https:\/\/escolaplenarius.com.br\/index.php\/olaobrigado\/\">\n\t\t\t\t\t\t<span class=\"elementor-button-content-wrapper\">\n\t\t\t\t\t\t\t\t\t<span class=\"elementor-button-text\">Quero me tornar um operador!<\/span>\n\t\t\t\t\t<\/span>\n\t\t\t\t\t<\/a>\n\t\t\t\t\t\t\t\t<\/div>\n\t\t\t\t\t<\/div>\n\t\t\t\t<\/div>\n\t\t<div class=\"elementor-element elementor-element-9aa1c66 e-flex e-con-boxed e-con e-parent\" data-id=\"9aa1c66\" data-element_type=\"container\" data-e-type=\"container\">\n\t\t\t\t\t<div class=\"e-con-inner\">\n\t\t<div class=\"elementor-element elementor-element-3f81b3c e-con-full e-flex e-con e-child\" data-id=\"3f81b3c\" data-element_type=\"container\" data-e-type=\"container\">\n\t\t\t\t<div class=\"elementor-element elementor-element-737c29a elementor-widget elementor-widget-video\" data-id=\"737c29a\" data-element_type=\"widget\" data-e-type=\"widget\" data-settings=\"{&quot;video_type&quot;:&quot;hosted&quot;,&quot;controls&quot;:&quot;yes&quot;}\" data-widget_type=\"video.default\">\n\t\t\t\t\t\t\t<div class=\"e-hosted-video elementor-wrapper elementor-open-inline\">\n\t\t\t\t\t<video class=\"elementor-video\" src=\"https:\/\/escolaplenarius.com.br\/wp-content\/uploads\/2024\/09\/Cabine-terra-vermelha-vento-me-levar-cover.mp4\" controls=\"\" preload=\"metadata\" controlsList=\"nodownload\"><\/video>\n\t\t\t\t<\/div>\n\t\t\t\t\t\t<\/div>\n\t\t\t\t<\/div>\n\t\t<div class=\"elementor-element elementor-element-a406d5d e-con-full e-flex e-con e-child\" data-id=\"a406d5d\" data-element_type=\"container\" data-e-type=\"container\">\n\t\t\t\t<div class=\"elementor-element elementor-element-fb20105 elementor-widget elementor-widget-video\" data-id=\"fb20105\" data-element_type=\"widget\" data-e-type=\"widget\" data-settings=\"{&quot;video_type&quot;:&quot;hosted&quot;,&quot;controls&quot;:&quot;yes&quot;}\" data-widget_type=\"video.default\">\n\t\t\t\t\t\t\t<div class=\"e-hosted-video elementor-wrapper elementor-open-inline\">\n\t\t\t\t\t<video class=\"elementor-video\" src=\"https:\/\/escolaplenarius.com.br\/wp-content\/uploads\/2024\/09\/CAT-gigante-infinity-1.mp4\" controls=\"\" preload=\"metadata\" controlsList=\"nodownload\"><\/video>\n\t\t\t\t<\/div>\n\t\t\t\t\t\t<\/div>\n\t\t\t\t<\/div>\n\t\t<div class=\"elementor-element elementor-element-e7870f7 e-con-full e-flex e-con e-child\" data-id=\"e7870f7\" data-element_type=\"container\" data-e-type=\"container\">\n\t\t\t\t<div class=\"elementor-element elementor-element-4b8e42a elementor-widget elementor-widget-video\" data-id=\"4b8e42a\" data-element_type=\"widget\" data-e-type=\"widget\" data-settings=\"{&quot;video_type&quot;:&quot;hosted&quot;,&quot;controls&quot;:&quot;yes&quot;}\" data-widget_type=\"video.default\">\n\t\t\t\t\t\t\t<div class=\"e-hosted-video elementor-wrapper elementor-open-inline\">\n\t\t\t\t\t<video class=\"elementor-video\" src=\"https:\/\/escolaplenarius.com.br\/wp-content\/uploads\/2024\/09\/E-onde-o-vento-me-levar-riff-guittar-e-original.mp4\" controls=\"\" preload=\"metadata\" controlsList=\"nodownload\"><\/video>\n\t\t\t\t<\/div>\n\t\t\t\t\t\t<\/div>\n\t\t\t\t<\/div>\n\t\t<div class=\"elementor-element elementor-element-1188977 e-con-full e-flex e-con e-child\" data-id=\"1188977\" data-element_type=\"container\" data-e-type=\"container\">\n\t\t\t\t<div class=\"elementor-element elementor-element-a2b7c1f elementor-widget elementor-widget-video\" data-id=\"a2b7c1f\" data-element_type=\"widget\" data-e-type=\"widget\" data-settings=\"{&quot;video_type&quot;:&quot;hosted&quot;,&quot;controls&quot;:&quot;yes&quot;}\" data-widget_type=\"video.default\">\n\t\t\t\t\t\t\t<div class=\"e-hosted-video elementor-wrapper elementor-open-inline\">\n\t\t\t\t\t<video class=\"elementor-video\" src=\"https:\/\/escolaplenarius.com.br\/wp-content\/uploads\/2024\/09\/CAT-gigante-infinity.mp4\" controls=\"\" preload=\"metadata\" controlsList=\"nodownload\"><\/video>\n\t\t\t\t<\/div>\n\t\t\t\t\t\t<\/div>\n\t\t\t\t<\/div>\n\t\t\t\t\t<\/div>\n\t\t\t\t<\/div>\n\t\t\t\t<\/div>\n\t\t","protected":false},"excerpt":{"rendered":"<p>Curso Presencial de Operador de M\u00e1quinas Pesadas \u00a0 M\u00e1quinas Inclu\u00eddas no Curso: P\u00e1 Carregadeira Escavadeira Hidr\u00e1ulica Retroescavadeira Benef\u00edcios do Curso: Certifica\u00e7\u00e3o em NR&#8217;s: Seguran\u00e7a garantida para operar m\u00e1quinas. Certificado e Carteira de Operador: Reconhecidos nacionalmente conforme as Normas Regulamentadoras (NR&#8217;s). Certifica\u00e7\u00e3o Digital: V\u00e1lida em todo o Brasil e Mercosul. Ficha de Est\u00e1gio: At\u00e9 100 horas [&hellip;]<\/p>\n","protected":false},"author":3,"featured_media":0,"parent":0,"menu_order":0,"comment_status":"closed","ping_status":"closed","template":"","meta":{"footnotes":""},"class_list":["post-349","page","type-page","status-publish","hentry"],"_links":{"self":[{"href":"https:\/\/escolaplenarius.com.br\/index.php\/wp-json\/wp\/v2\/pages\/349","targetHints":{"allow":["GET"]}}],"collection":[{"href":"https:\/\/escolaplenarius.com.br\/index.php\/wp-json\/wp\/v2\/pages"}],"about":[{"href":"https:\/\/escolaplenarius.com.br\/index.php\/wp-json\/wp\/v2\/types\/page"}],"author":[{"embeddable":true,"href":"https:\/\/escolaplenarius.com.br\/index.php\/wp-json\/wp\/v2\/users\/3"}],"replies":[{"embeddable":true,"href":"https:\/\/escolaplenarius.com.br\/index.php\/wp-json\/wp\/v2\/comments?post=349"}],"version-history":[{"count":23,"href":"https:\/\/escolaplenarius.com.br\/index.php\/wp-json\/wp\/v2\/pages\/349\/revisions"}],"predecessor-version":[{"id":1206,"href":"https:\/\/escolaplenarius.com.br\/index.php\/wp-json\/wp\/v2\/pages\/349\/revisions\/1206"}],"wp:attachment":[{"href":"https:\/\/escolaplenarius.com.br\/index.php\/wp-json\/wp\/v2\/media?parent=349"}],"curies":[{"name":"wp","href":"https:\/\/api.w.org\/{rel}","templated":true}]}}