{"id":351,"date":"2024-09-18T08:53:25","date_gmt":"2024-09-18T11:53:25","guid":{"rendered":"https:\/\/escolaplenarius.com.br\/?page_id=351"},"modified":"2025-11-10T18:21:02","modified_gmt":"2025-11-10T21:21:02","slug":"op-de-maquinas-agricolas","status":"publish","type":"page","link":"https:\/\/escolaplenarius.com.br\/index.php\/op-de-maquinas-agricolas\/","title":{"rendered":"Op de M\u00e1quinas Agr\u00edcolas"},"content":{"rendered":"\t\t<div data-elementor-type=\"wp-page\" data-elementor-id=\"351\" class=\"elementor elementor-351\" data-elementor-post-type=\"page\">\n\t\t\t\t<div class=\"elementor-element elementor-element-2df714e e-con-full e-flex e-con e-parent\" data-id=\"2df714e\" data-element_type=\"container\" data-e-type=\"container\">\n\t\t\t\t<div class=\"elementor-element elementor-element-80d19d2 elementor-widget elementor-widget-image\" data-id=\"80d19d2\" data-element_type=\"widget\" data-e-type=\"widget\" data-widget_type=\"image.default\">\n\t\t\t\t\t\t\t\t\t\t\t\t\t\t\t<img fetchpriority=\"high\" decoding=\"async\" width=\"3120\" height=\"1248\" src=\"https:\/\/escolaplenarius.com.br\/wp-content\/uploads\/2024\/09\/arteplenarius20.png\" class=\"attachment-full size-full wp-image-522\" alt=\"\" srcset=\"https:\/\/escolaplenarius.com.br\/wp-content\/uploads\/2024\/09\/arteplenarius20.png 3120w, https:\/\/escolaplenarius.com.br\/wp-content\/uploads\/2024\/09\/arteplenarius20-300x120.png 300w, https:\/\/escolaplenarius.com.br\/wp-content\/uploads\/2024\/09\/arteplenarius20-1024x410.png 1024w, https:\/\/escolaplenarius.com.br\/wp-content\/uploads\/2024\/09\/arteplenarius20-768x307.png 768w, https:\/\/escolaplenarius.com.br\/wp-content\/uploads\/2024\/09\/arteplenarius20-1536x614.png 1536w, https:\/\/escolaplenarius.com.br\/wp-content\/uploads\/2024\/09\/arteplenarius20-2048x819.png 2048w\" sizes=\"(max-width: 3120px) 100vw, 3120px\" \/>\t\t\t\t\t\t\t\t\t\t\t\t\t\t\t<\/div>\n\t\t\t\t<\/div>\n\t\t<div class=\"elementor-element elementor-element-4f8e1e9 e-flex e-con-boxed e-con e-parent\" data-id=\"4f8e1e9\" data-element_type=\"container\" data-e-type=\"container\">\n\t\t\t\t\t<div class=\"e-con-inner\">\n\t\t\t\t<div class=\"elementor-element elementor-element-01348c9 elementor-widget elementor-widget-heading\" data-id=\"01348c9\" data-element_type=\"widget\" data-e-type=\"widget\" data-widget_type=\"heading.default\">\n\t\t\t\t\t<h2 class=\"elementor-heading-title elementor-size-default\">Curso Operador de M\u00e1quinas Agr\u00edcolas<\/h2>\t\t\t\t<\/div>\n\t\t\t\t<div class=\"elementor-element elementor-element-b2702df elementor-widget elementor-widget-text-editor\" data-id=\"b2702df\" data-element_type=\"widget\" data-e-type=\"widget\" data-widget_type=\"text-editor.default\">\n\t\t\t\t\t\t\t\t\t<div class=\"flex-shrink-0 flex flex-col relative items-end\">\n<div>\n<div class=\"pt-0\">\n<div class=\"gizmo-bot-avatar flex h-8 w-8 items-center justify-center overflow-hidden rounded-full\">&nbsp;<\/div>\n<\/div>\n<\/div>\n<\/div>\n<div class=\"group\/conversation-turn relative flex w-full min-w-0 flex-col agent-turn\">\n<div class=\"flex-col gap-1 md:gap-3\">\n<div class=\"flex max-w-full flex-col flex-grow\">\n<div class=\"min-h-[20px] text-message flex w-full flex-col items-end gap-2 whitespace-normal break-words [.text-message+&amp;]:mt-5\" dir=\"auto\" data-message-author-role=\"assistant\" data-message-id=\"6d3a9978-2971-4fe5-9765-9b8c5b57525b\">\n<div class=\"flex w-full flex-col gap-1 empty:hidden first:pt-[3px]\">\n<div class=\"markdown prose w-full break-words dark:prose-invert dark\">\n<h4>Curso 3 em 1<\/h4>\n<p>Aprenda a operar tr\u00eas tipos de m\u00e1quinas agr\u00edcolas essenciais para o campo:<\/p>\n<ul>\n<li><strong>Colheitadeira<\/strong><\/li>\n<li><strong>Pulverizador<\/strong><\/li>\n<li><strong>Trator Agr\u00edcola de Pneu<\/strong><\/li>\n<\/ul>\n<h4>Benef\u00edcios<\/h4>\n<ul>\n<li><strong>Certificado e Carteira de Operador<\/strong>: Com reconhecimento profissional.<\/li>\n<li><strong>Curso com NR&#8217;s da Categoria<\/strong>: Seguran\u00e7a no trabalho garantida.<\/li>\n<li><strong>Hospedagem Gratuita<\/strong>: Para alunos de outras regi\u00f5es.<\/li>\n<li><strong>Programa Garantia de Aprendizagem Plenarius<\/strong>: Suporte completo ao aprendizado.<\/li>\n<li><strong>Ficha de Est\u00e1gio<\/strong>: 100 horas de est\u00e1gio supervisionado.<\/li>\n<li><strong>Almo\u00e7o Incluso<\/strong>: Churrasco nos dias de pr\u00e1tica.<\/li>\n<li><strong>Material Did\u00e1tico<\/strong>: Todo o material inclu\u00eddo no valor do curso.<\/li>\n<li><strong>Curso Extra Online Gratuito<\/strong>: Expanda seus conhecimentos com conte\u00fado adicional.<\/li>\n<\/ul>\n<h4>Lote Promocional Dispon\u00edvel!<\/h4>\n<p>Aproveite as condi\u00e7\u00f5es especiais.<\/p>\n<h4>Por Que Escolher o Curso?<\/h4>\n<p>O agroneg\u00f3cio \u00e9 um dos setores mais promissores do Brasil, crescendo cada vez mais nos \u00faltimos anos. Garanta sua qualifica\u00e7\u00e3o profissional e destaque-se nesse mercado competitivo.<\/p>\n<h4>Sobre a Escola T\u00e9cnica Plenarius<\/h4>\n<p>Com 26 anos de experi\u00eancia, a Escola T\u00e9cnica Plenarius \u00e9 refer\u00eancia em cursos voltados ao agroneg\u00f3cio, formando grandes profissionais que se destacam no mercado.<\/p>\n<h4>Participe e Seja o Protagonista da Sua Vida!<\/h4>\n<\/div>\n<\/div>\n<\/div>\n<\/div>\n<\/div>\n<\/div>\t\t\t\t\t\t\t\t<\/div>\n\t\t\t\t<div class=\"elementor-element elementor-element-ec6af58 elementor-widget elementor-widget-html\" data-id=\"ec6af58\" data-element_type=\"widget\" data-e-type=\"widget\" data-widget_type=\"html.default\">\n\t\t\t\t\t<div role=\"main\" id=\"operador-de-maquinas-agricolas-site-fbb32ec8761b26c42181\"><\/div><script type=\"text\/javascript\" src=\"https:\/\/d335luupugsy2.cloudfront.net\/js\/rdstation-forms\/stable\/rdstation-forms.min.js\"><\/script><script type=\"text\/javascript\"> new RDStationForms('operador-de-maquinas-agricolas-site-fbb32ec8761b26c42181', 'null').createForm();<\/script>\t\t\t\t<\/div>\n\t\t\t\t\t<\/div>\n\t\t\t\t<\/div>\n\t\t<div class=\"elementor-element elementor-element-d4a1839 e-flex e-con-boxed e-con e-parent\" data-id=\"d4a1839\" data-element_type=\"container\" data-e-type=\"container\">\n\t\t\t\t\t<div class=\"e-con-inner\">\n\t\t<div class=\"elementor-element elementor-element-f8b8c4c e-con-full e-flex e-con e-child\" data-id=\"f8b8c4c\" data-element_type=\"container\" data-e-type=\"container\">\n\t\t\t\t<div class=\"elementor-element elementor-element-29f4660 elementor-widget elementor-widget-video\" data-id=\"29f4660\" data-element_type=\"widget\" data-e-type=\"widget\" data-settings=\"{&quot;video_type&quot;:&quot;hosted&quot;,&quot;controls&quot;:&quot;yes&quot;}\" data-widget_type=\"video.default\">\n\t\t\t\t\t\t\t<div class=\"e-hosted-video elementor-wrapper elementor-open-inline\">\n\t\t\t\t\t<video class=\"elementor-video\" src=\"https:\/\/escolaplenarius.com.br\/wp-content\/uploads\/2024\/09\/Priscila-e-Cassiane-5hrs-de-viagem.mp4\" controls=\"\" preload=\"metadata\" controlsList=\"nodownload\"><\/video>\n\t\t\t\t<\/div>\n\t\t\t\t\t\t<\/div>\n\t\t\t\t<\/div>\n\t\t<div class=\"elementor-element elementor-element-b1d42ec e-con-full e-flex e-con e-child\" data-id=\"b1d42ec\" data-element_type=\"container\" data-e-type=\"container\">\n\t\t\t\t<div class=\"elementor-element elementor-element-3916af4 elementor-widget elementor-widget-video\" data-id=\"3916af4\" data-element_type=\"widget\" data-e-type=\"widget\" data-settings=\"{&quot;video_type&quot;:&quot;hosted&quot;,&quot;controls&quot;:&quot;yes&quot;}\" data-widget_type=\"video.default\">\n\t\t\t\t\t\t\t<div class=\"e-hosted-video elementor-wrapper elementor-open-inline\">\n\t\t\t\t\t<video class=\"elementor-video\" src=\"https:\/\/escolaplenarius.com.br\/wp-content\/uploads\/2024\/09\/Arado-e-por-do-sol-estrelinha.mp4\" controls=\"\" preload=\"metadata\" controlsList=\"nodownload\"><\/video>\n\t\t\t\t<\/div>\n\t\t\t\t\t\t<\/div>\n\t\t\t\t<\/div>\n\t\t<div class=\"elementor-element elementor-element-8ffae40 e-con-full e-flex e-con e-child\" data-id=\"8ffae40\" data-element_type=\"container\" data-e-type=\"container\">\n\t\t\t\t<div class=\"elementor-element elementor-element-ecf7c0b elementor-widget elementor-widget-video\" data-id=\"ecf7c0b\" data-element_type=\"widget\" data-e-type=\"widget\" data-settings=\"{&quot;video_type&quot;:&quot;hosted&quot;,&quot;controls&quot;:&quot;yes&quot;}\" data-widget_type=\"video.default\">\n\t\t\t\t\t\t\t<div class=\"e-hosted-video elementor-wrapper elementor-open-inline\">\n\t\t\t\t\t<video class=\"elementor-video\" src=\"https:\/\/escolaplenarius.com.br\/wp-content\/uploads\/2024\/09\/Edit-maquinas-e-trigo.mp4\" controls=\"\" preload=\"metadata\" controlsList=\"nodownload\"><\/video>\n\t\t\t\t<\/div>\n\t\t\t\t\t\t<\/div>\n\t\t\t\t<\/div>\n\t\t<div class=\"elementor-element elementor-element-b24fdda e-con-full e-flex e-con e-child\" data-id=\"b24fdda\" data-element_type=\"container\" data-e-type=\"container\">\n\t\t\t\t<div class=\"elementor-element elementor-element-74c6085 elementor-widget elementor-widget-video\" data-id=\"74c6085\" data-element_type=\"widget\" data-e-type=\"widget\" data-settings=\"{&quot;video_type&quot;:&quot;hosted&quot;,&quot;controls&quot;:&quot;yes&quot;}\" data-widget_type=\"video.default\">\n\t\t\t\t\t\t\t<div class=\"e-hosted-video elementor-wrapper elementor-open-inline\">\n\t\t\t\t\t<video class=\"elementor-video\" src=\"https:\/\/escolaplenarius.com.br\/wp-content\/uploads\/2024\/09\/Video-do-WhatsApp-de-2024-03-11-as-11.41.41_15ae4dfa.mp4\" controls=\"\" preload=\"metadata\" controlsList=\"nodownload\"><\/video>\n\t\t\t\t<\/div>\n\t\t\t\t\t\t<\/div>\n\t\t\t\t<\/div>\n\t\t\t\t\t<\/div>\n\t\t\t\t<\/div>\n\t\t\t\t<\/div>\n\t\t","protected":false},"excerpt":{"rendered":"<p>Curso Operador de M\u00e1quinas Agr\u00edcolas &nbsp; Curso 3 em 1 Aprenda a operar tr\u00eas tipos de m\u00e1quinas agr\u00edcolas essenciais para o campo: Colheitadeira Pulverizador Trator Agr\u00edcola de Pneu Benef\u00edcios Certificado e Carteira de Operador: Com reconhecimento profissional. Curso com NR&#8217;s da Categoria: Seguran\u00e7a no trabalho garantida. Hospedagem Gratuita: Para alunos de outras regi\u00f5es. Programa Garantia [&hellip;]<\/p>\n","protected":false},"author":3,"featured_media":0,"parent":0,"menu_order":0,"comment_status":"closed","ping_status":"closed","template":"","meta":{"footnotes":""},"class_list":["post-351","page","type-page","status-publish","hentry"],"_links":{"self":[{"href":"https:\/\/escolaplenarius.com.br\/index.php\/wp-json\/wp\/v2\/pages\/351","targetHints":{"allow":["GET"]}}],"collection":[{"href":"https:\/\/escolaplenarius.com.br\/index.php\/wp-json\/wp\/v2\/pages"}],"about":[{"href":"https:\/\/escolaplenarius.com.br\/index.php\/wp-json\/wp\/v2\/types\/page"}],"author":[{"embeddable":true,"href":"https:\/\/escolaplenarius.com.br\/index.php\/wp-json\/wp\/v2\/users\/3"}],"replies":[{"embeddable":true,"href":"https:\/\/escolaplenarius.com.br\/index.php\/wp-json\/wp\/v2\/comments?post=351"}],"version-history":[{"count":19,"href":"https:\/\/escolaplenarius.com.br\/index.php\/wp-json\/wp\/v2\/pages\/351\/revisions"}],"predecessor-version":[{"id":876,"href":"https:\/\/escolaplenarius.com.br\/index.php\/wp-json\/wp\/v2\/pages\/351\/revisions\/876"}],"wp:attachment":[{"href":"https:\/\/escolaplenarius.com.br\/index.php\/wp-json\/wp\/v2\/media?parent=351"}],"curies":[{"name":"wp","href":"https:\/\/api.w.org\/{rel}","templated":true}]}}