{"id":357,"date":"2024-09-18T08:54:11","date_gmt":"2024-09-18T11:54:11","guid":{"rendered":"https:\/\/escolaplenarius.com.br\/?page_id=357"},"modified":"2025-11-12T11:52:11","modified_gmt":"2025-11-12T14:52:11","slug":"bombeiro-civil","status":"publish","type":"page","link":"https:\/\/escolaplenarius.com.br\/index.php\/bombeiro-civil\/","title":{"rendered":"Bombeiro Civil"},"content":{"rendered":"\t\t<div data-elementor-type=\"wp-page\" data-elementor-id=\"357\" class=\"elementor elementor-357\" data-elementor-post-type=\"page\">\n\t\t\t\t<div class=\"elementor-element elementor-element-2db5450 e-con-full e-flex e-con e-parent\" data-id=\"2db5450\" data-element_type=\"container\" data-e-type=\"container\">\n\t\t\t\t<div class=\"elementor-element elementor-element-d42c299 elementor-widget elementor-widget-image\" data-id=\"d42c299\" data-element_type=\"widget\" data-e-type=\"widget\" data-widget_type=\"image.default\">\n\t\t\t\t\t\t\t\t\t\t\t\t\t\t\t<img fetchpriority=\"high\" decoding=\"async\" width=\"3120\" height=\"1248\" src=\"https:\/\/escolaplenarius.com.br\/wp-content\/uploads\/2024\/09\/arteplenarius08.png\" class=\"attachment-full size-full wp-image-509\" alt=\"\" srcset=\"https:\/\/escolaplenarius.com.br\/wp-content\/uploads\/2024\/09\/arteplenarius08.png 3120w, https:\/\/escolaplenarius.com.br\/wp-content\/uploads\/2024\/09\/arteplenarius08-300x120.png 300w, https:\/\/escolaplenarius.com.br\/wp-content\/uploads\/2024\/09\/arteplenarius08-1024x410.png 1024w, https:\/\/escolaplenarius.com.br\/wp-content\/uploads\/2024\/09\/arteplenarius08-768x307.png 768w, https:\/\/escolaplenarius.com.br\/wp-content\/uploads\/2024\/09\/arteplenarius08-1536x614.png 1536w, https:\/\/escolaplenarius.com.br\/wp-content\/uploads\/2024\/09\/arteplenarius08-2048x819.png 2048w\" sizes=\"(max-width: 3120px) 100vw, 3120px\" \/>\t\t\t\t\t\t\t\t\t\t\t\t\t\t\t<\/div>\n\t\t\t\t<\/div>\n\t\t<div class=\"elementor-element elementor-element-6436ed5 e-flex e-con-boxed e-con e-parent\" data-id=\"6436ed5\" data-element_type=\"container\" data-e-type=\"container\">\n\t\t\t\t\t<div class=\"e-con-inner\">\n\t\t\t\t<div class=\"elementor-element elementor-element-4c2e2c9 elementor-widget elementor-widget-heading\" data-id=\"4c2e2c9\" data-element_type=\"widget\" data-e-type=\"widget\" data-widget_type=\"heading.default\">\n\t\t\t\t\t<h2 class=\"elementor-heading-title elementor-size-default\">Forma\u00e7\u00e3o de Bombeiro Civil e Brigadista Profissional<\/h2>\t\t\t\t<\/div>\n\t\t\t\t<div class=\"elementor-element elementor-element-ef4ef1d elementor-widget elementor-widget-text-editor\" data-id=\"ef4ef1d\" data-element_type=\"widget\" data-e-type=\"widget\" data-widget_type=\"text-editor.default\">\n\t\t\t\t\t\t\t\t\t<h3>O que voc\u00ea vai aprender:<\/h3>\n<ul>\n<li><strong>Combate e preven\u00e7\u00e3o a inc\u00eandios<\/strong><\/li>\n<li><strong>Resgate e salvamento<\/strong><\/li>\n<li><strong>APH &#8211; Atendimento Pr\u00e9-Hospitalar<\/strong> (simula\u00e7\u00f5es realistas com v\u00edtimas e acidentes, inclusive com carros)<\/li>\n<li><strong>Aux\u00edlio a parto normal<\/strong> (com simula\u00e7\u00e3o)<\/li>\n<li><strong>Resgate em ambiente vertical<\/strong> (rapel)<\/li>\n<li><strong>Vistorias e legisla\u00e7\u00f5es<\/strong><\/li>\n<li><strong>Prepara\u00e7\u00e3o f\u00edsica<\/strong><\/li>\n<\/ul>\n<p><strong>Aulas pr\u00e1ticas com simula\u00e7\u00f5es no campo<\/strong><br><strong>Curso conforme a Lei Federal n\u00ba 11.901\/09 e NBR Portaria CBMMG n\u00ba 54\/2020<\/strong><\/p>\n<hr>\n<h3>Destaques do curso:<\/h3>\n<ul>\n<li>Professores altamente qualificados e atuantes na \u00e1rea<\/li>\n<li>Baixo investimento e pagamento facilitado<\/li>\n<li><strong>Acampamento Operacional<\/strong> no final do curso<\/li>\n<\/ul>\n<hr>\n<h3>Oportunidades de atua\u00e7\u00e3o:<\/h3>\n<p>O Bombeiro Civil pode trabalhar em:<\/p>\n<ul>\n<li>Hospitais<\/li>\n<li>Est\u00e1dios de futebol<\/li>\n<li>Atendimento a urg\u00eancias e emerg\u00eancias<\/li>\n<li>Empresas comerciais<\/li>\n<li>Shopping centers<\/li>\n<li>Ind\u00fastrias<\/li>\n<li>Igrejas, universidades, \u00f3rg\u00e3os p\u00fablicos, eventos de grande porte, entre outros.<\/li>\n<\/ul>\n<p><strong>Faixa salarial:<\/strong> Entre <strong>R$ 2.000,00 a R$ 5.000,00<\/strong><\/p>\n<hr>\n<h3>Sobre a Escola T\u00e9cnica Plenarius:<\/h3>\n<p>H\u00e1 <strong>28 anos<\/strong> formando grandes profissionais e sendo refer\u00eancia na forma\u00e7\u00e3o de Bombeiros Civis.<\/p>\t\t\t\t\t\t\t\t<\/div>\n\t\t\t\t<div class=\"elementor-element elementor-element-1201fdb elementor-widget elementor-widget-html\" data-id=\"1201fdb\" data-element_type=\"widget\" data-e-type=\"widget\" data-widget_type=\"html.default\">\n\t\t\t\t\t<div role=\"main\" id=\"bombeiro-site-f130a10f7e491ff8b197\"><\/div><script type=\"text\/javascript\" src=\"https:\/\/d335luupugsy2.cloudfront.net\/js\/rdstation-forms\/stable\/rdstation-forms.min.js\"><\/script><script type=\"text\/javascript\"> new RDStationForms('bombeiro-site-f130a10f7e491ff8b197', 'null').createForm();<\/script>\t\t\t\t<\/div>\n\t\t\t\t\t<\/div>\n\t\t\t\t<\/div>\n\t\t<div class=\"elementor-element elementor-element-8276b74 e-flex e-con-boxed e-con e-parent\" data-id=\"8276b74\" data-element_type=\"container\" data-e-type=\"container\">\n\t\t\t\t\t<div class=\"e-con-inner\">\n\t\t<div class=\"elementor-element elementor-element-a627075 e-con-full e-flex e-con e-child\" data-id=\"a627075\" data-element_type=\"container\" data-e-type=\"container\">\n\t\t\t\t<div class=\"elementor-element elementor-element-5099ace elementor-widget elementor-widget-video\" data-id=\"5099ace\" data-element_type=\"widget\" data-e-type=\"widget\" data-settings=\"{&quot;video_type&quot;:&quot;hosted&quot;,&quot;controls&quot;:&quot;yes&quot;}\" data-widget_type=\"video.default\">\n\t\t\t\t\t\t\t<div class=\"e-hosted-video elementor-wrapper elementor-open-inline\">\n\t\t\t\t\t<video class=\"elementor-video\" src=\"https:\/\/escolaplenarius.com.br\/wp-content\/uploads\/2024\/09\/formatura-de-Bombeiros-civis.mp4\" controls=\"\" preload=\"metadata\" controlsList=\"nodownload\"><\/video>\n\t\t\t\t<\/div>\n\t\t\t\t\t\t<\/div>\n\t\t\t\t<\/div>\n\t\t<div class=\"elementor-element elementor-element-c422ee6 e-con-full e-flex e-con e-child\" data-id=\"c422ee6\" data-element_type=\"container\" data-e-type=\"container\">\n\t\t\t\t<div class=\"elementor-element elementor-element-36075d4 elementor-widget elementor-widget-video\" data-id=\"36075d4\" data-element_type=\"widget\" data-e-type=\"widget\" data-settings=\"{&quot;video_type&quot;:&quot;hosted&quot;,&quot;controls&quot;:&quot;yes&quot;}\" data-widget_type=\"video.default\">\n\t\t\t\t\t\t\t<div class=\"e-hosted-video elementor-wrapper elementor-open-inline\">\n\t\t\t\t\t<video class=\"elementor-video\" src=\"https:\/\/escolaplenarius.com.br\/wp-content\/uploads\/2024\/09\/Pessoal-segurando-a-mangueira-eye-of-the-tig.mp4\" controls=\"\" preload=\"metadata\" controlsList=\"nodownload\"><\/video>\n\t\t\t\t<\/div>\n\t\t\t\t\t\t<\/div>\n\t\t\t\t<\/div>\n\t\t<div class=\"elementor-element elementor-element-41ccc56 e-con-full e-flex e-con e-child\" data-id=\"41ccc56\" data-element_type=\"container\" data-e-type=\"container\">\n\t\t\t\t<div class=\"elementor-element elementor-element-55ea544 elementor-widget elementor-widget-video\" data-id=\"55ea544\" data-element_type=\"widget\" data-e-type=\"widget\" data-settings=\"{&quot;video_type&quot;:&quot;hosted&quot;,&quot;controls&quot;:&quot;yes&quot;}\" data-widget_type=\"video.default\">\n\t\t\t\t\t\t\t<div class=\"e-hosted-video elementor-wrapper elementor-open-inline\">\n\t\t\t\t\t<video class=\"elementor-video\" src=\"https:\/\/escolaplenarius.com.br\/wp-content\/uploads\/2024\/09\/Subindo-morro-eye-of-the-tiger.mp4\" controls=\"\" preload=\"metadata\" controlsList=\"nodownload\"><\/video>\n\t\t\t\t<\/div>\n\t\t\t\t\t\t<\/div>\n\t\t\t\t<\/div>\n\t\t<div class=\"elementor-element elementor-element-13b1e00 e-con-full e-flex e-con e-child\" data-id=\"13b1e00\" data-element_type=\"container\" data-e-type=\"container\">\n\t\t\t\t<div class=\"elementor-element elementor-element-e237ff4 elementor-widget elementor-widget-video\" data-id=\"e237ff4\" data-element_type=\"widget\" data-e-type=\"widget\" data-settings=\"{&quot;video_type&quot;:&quot;hosted&quot;,&quot;controls&quot;:&quot;yes&quot;}\" data-widget_type=\"video.default\">\n\t\t\t\t\t\t\t<div class=\"e-hosted-video elementor-wrapper elementor-open-inline\">\n\t\t\t\t\t<video class=\"elementor-video\" src=\"https:\/\/escolaplenarius.com.br\/wp-content\/uploads\/2024\/09\/BC-The-final-Coutdown.mp4\" controls=\"\" preload=\"metadata\" controlsList=\"nodownload\"><\/video>\n\t\t\t\t<\/div>\n\t\t\t\t\t\t<\/div>\n\t\t\t\t<\/div>\n\t\t\t\t\t<\/div>\n\t\t\t\t<\/div>\n\t\t\t\t<\/div>\n\t\t","protected":false},"excerpt":{"rendered":"<p>Forma\u00e7\u00e3o de Bombeiro Civil e Brigadista Profissional O que voc\u00ea vai aprender: Combate e preven\u00e7\u00e3o a inc\u00eandios Resgate e salvamento APH &#8211; Atendimento Pr\u00e9-Hospitalar (simula\u00e7\u00f5es realistas com v\u00edtimas e acidentes, inclusive com carros) Aux\u00edlio a parto normal (com simula\u00e7\u00e3o) Resgate em ambiente vertical (rapel) Vistorias e legisla\u00e7\u00f5es Prepara\u00e7\u00e3o f\u00edsica Aulas pr\u00e1ticas com simula\u00e7\u00f5es no campoCurso [&hellip;]<\/p>\n","protected":false},"author":3,"featured_media":0,"parent":0,"menu_order":0,"comment_status":"closed","ping_status":"closed","template":"","meta":{"footnotes":""},"class_list":["post-357","page","type-page","status-publish","hentry"],"_links":{"self":[{"href":"https:\/\/escolaplenarius.com.br\/index.php\/wp-json\/wp\/v2\/pages\/357","targetHints":{"allow":["GET"]}}],"collection":[{"href":"https:\/\/escolaplenarius.com.br\/index.php\/wp-json\/wp\/v2\/pages"}],"about":[{"href":"https:\/\/escolaplenarius.com.br\/index.php\/wp-json\/wp\/v2\/types\/page"}],"author":[{"embeddable":true,"href":"https:\/\/escolaplenarius.com.br\/index.php\/wp-json\/wp\/v2\/users\/3"}],"replies":[{"embeddable":true,"href":"https:\/\/escolaplenarius.com.br\/index.php\/wp-json\/wp\/v2\/comments?post=357"}],"version-history":[{"count":40,"href":"https:\/\/escolaplenarius.com.br\/index.php\/wp-json\/wp\/v2\/pages\/357\/revisions"}],"predecessor-version":[{"id":882,"href":"https:\/\/escolaplenarius.com.br\/index.php\/wp-json\/wp\/v2\/pages\/357\/revisions\/882"}],"wp:attachment":[{"href":"https:\/\/escolaplenarius.com.br\/index.php\/wp-json\/wp\/v2\/media?parent=357"}],"curies":[{"name":"wp","href":"https:\/\/api.w.org\/{rel}","templated":true}]}}