{"id":359,"date":"2024-09-18T08:54:27","date_gmt":"2024-09-18T11:54:27","guid":{"rendered":"https:\/\/escolaplenarius.com.br\/?page_id=359"},"modified":"2026-02-25T10:45:54","modified_gmt":"2026-02-25T13:45:54","slug":"auxiliar-de-veterinario","status":"publish","type":"page","link":"https:\/\/escolaplenarius.com.br\/index.php\/auxiliar-de-veterinario\/","title":{"rendered":"Auxiliar de Veterin\u00e1rio"},"content":{"rendered":"\t\t<div data-elementor-type=\"wp-page\" data-elementor-id=\"359\" class=\"elementor elementor-359\" data-elementor-post-type=\"page\">\n\t\t\t\t<div class=\"elementor-element elementor-element-ebe1326 e-con-full e-flex e-con e-parent\" data-id=\"ebe1326\" data-element_type=\"container\" data-e-type=\"container\">\n\t\t\t\t<div class=\"elementor-element elementor-element-4518747 elementor-widget elementor-widget-image\" data-id=\"4518747\" data-element_type=\"widget\" data-e-type=\"widget\" data-widget_type=\"image.default\">\n\t\t\t\t\t\t\t\t\t\t\t\t\t\t\t<img fetchpriority=\"high\" decoding=\"async\" width=\"3120\" height=\"1248\" src=\"https:\/\/escolaplenarius.com.br\/wp-content\/uploads\/2024\/09\/arteplenarius10.png\" class=\"attachment-full size-full wp-image-511\" alt=\"\" srcset=\"https:\/\/escolaplenarius.com.br\/wp-content\/uploads\/2024\/09\/arteplenarius10.png 3120w, https:\/\/escolaplenarius.com.br\/wp-content\/uploads\/2024\/09\/arteplenarius10-300x120.png 300w, https:\/\/escolaplenarius.com.br\/wp-content\/uploads\/2024\/09\/arteplenarius10-1024x410.png 1024w, https:\/\/escolaplenarius.com.br\/wp-content\/uploads\/2024\/09\/arteplenarius10-768x307.png 768w, https:\/\/escolaplenarius.com.br\/wp-content\/uploads\/2024\/09\/arteplenarius10-1536x614.png 1536w, https:\/\/escolaplenarius.com.br\/wp-content\/uploads\/2024\/09\/arteplenarius10-2048x819.png 2048w\" sizes=\"(max-width: 3120px) 100vw, 3120px\" \/>\t\t\t\t\t\t\t\t\t\t\t\t\t\t\t<\/div>\n\t\t\t\t<\/div>\n\t\t<div class=\"elementor-element elementor-element-4b7027a e-flex e-con-boxed e-con e-parent\" data-id=\"4b7027a\" data-element_type=\"container\" data-e-type=\"container\">\n\t\t\t\t\t<div class=\"e-con-inner\">\n\t\t\t\t<div class=\"elementor-element elementor-element-789ebfd elementor-widget elementor-widget-heading\" data-id=\"789ebfd\" data-element_type=\"widget\" data-e-type=\"widget\" data-widget_type=\"heading.default\">\n\t\t\t\t\t<h2 class=\"elementor-heading-title elementor-size-default\">Curso de Auxiliar Veterin\u00e1rio<\/h2>\t\t\t\t<\/div>\n\t\t\t\t<div class=\"elementor-element elementor-element-11ea7e4 elementor-widget elementor-widget-text-editor\" data-id=\"11ea7e4\" data-element_type=\"widget\" data-e-type=\"widget\" data-widget_type=\"text-editor.default\">\n\t\t\t\t\t\t\t\t\t<div class=\"flex-shrink-0 flex flex-col relative items-end\"><div class=\"pt-0\"><div class=\"gizmo-bot-avatar flex h-8 w-8 items-center justify-center overflow-hidden rounded-full\"><p>Voc\u00ea ama os animais e quer atuar em um dos setores que mais crescem no mundo? O <strong>Curso de Auxiliar Veterin\u00e1rio<\/strong> da Escola T\u00e9cnica Plenarius \u00e9 a sua oportunidade de entrar no terceiro mercado mais lucrativo globalmente e fazer a diferen\u00e7a na vida dos pets.<\/p><h4>Onde Voc\u00ea Pode Trabalhar:<\/h4><p>Ao se formar, voc\u00ea poder\u00e1 atuar em diversas \u00e1reas do cuidado e est\u00e9tica pet, como:<\/p><ul><li><strong>Lojas de Pet Shop<\/strong><\/li><li><strong>Banho e Tosa<\/strong><\/li><li><strong>Cl\u00ednicas Veterin\u00e1rias<\/strong><\/li><li><strong>Institui\u00e7\u00f5es de Resgate Animal<\/strong><\/li><li><strong>Agropecu\u00e1rias<\/strong><\/li><\/ul><h4>O Que Oferecemos:<\/h4><ul><li><strong>Aulas presenciais<\/strong> com conte\u00fado te\u00f3rico e pr\u00e1tico.<\/li><li><strong>Palestras e visitas t\u00e9cnicas<\/strong> para aprofundar seus conhecimentos.<\/li><li><strong>Est\u00e1gio garantido<\/strong> e certifica\u00e7\u00e3o ao final do curso.<\/li><li>Aulas ministradas por <strong>M\u00e9dico Veterin\u00e1rio<\/strong>.<\/li><\/ul><h4>Localiza\u00e7\u00e3o:<\/h4><p>\ud83d\udccd <strong>Juiz de Fora<\/strong><\/p><h4>Inscreva-se Agora!<\/h4><p>Garanta sua vaga e comece sua jornada no universo pet.<\/p><\/div><\/div><\/div>\t\t\t\t\t\t\t\t<\/div>\n\t\t\t\t\t<\/div>\n\t\t\t\t<\/div>\n\t\t<div class=\"elementor-element elementor-element-a96aded e-flex e-con-boxed e-con e-parent\" data-id=\"a96aded\" data-element_type=\"container\" data-e-type=\"container\">\n\t\t\t\t\t<div class=\"e-con-inner\">\n\t\t\t\t<div class=\"elementor-element elementor-element-d480595 elementor-widget elementor-widget-button\" data-id=\"d480595\" data-element_type=\"widget\" data-e-type=\"widget\" data-widget_type=\"button.default\">\n\t\t\t\t\t\t\t\t\t\t<a class=\"elementor-button elementor-button-link elementor-size-sm\" href=\"https:\/\/escolaplenarius.com.br\/index.php\/olaobrigado\/\">\n\t\t\t\t\t\t<span class=\"elementor-button-content-wrapper\">\n\t\t\t\t\t\t\t\t\t<span class=\"elementor-button-text\">Clique aqui e cadastre-se<\/span>\n\t\t\t\t\t<\/span>\n\t\t\t\t\t<\/a>\n\t\t\t\t\t\t\t\t<\/div>\n\t\t\t\t\t<\/div>\n\t\t\t\t<\/div>\n\t\t<div class=\"elementor-element elementor-element-aedece4 e-flex e-con-boxed e-con e-parent\" data-id=\"aedece4\" data-element_type=\"container\" data-e-type=\"container\">\n\t\t\t\t\t<div class=\"e-con-inner\">\n\t\t<div class=\"elementor-element elementor-element-361662e e-con-full e-flex e-con e-child\" data-id=\"361662e\" data-element_type=\"container\" data-e-type=\"container\">\n\t\t\t\t<div class=\"elementor-element elementor-element-a1696e7 elementor-widget elementor-widget-video\" data-id=\"a1696e7\" data-element_type=\"widget\" data-e-type=\"widget\" data-settings=\"{&quot;video_type&quot;:&quot;hosted&quot;,&quot;controls&quot;:&quot;yes&quot;}\" data-widget_type=\"video.default\">\n\t\t\t\t\t\t\t<div class=\"e-hosted-video elementor-wrapper elementor-open-inline\">\n\t\t\t\t\t<video class=\"elementor-video\" src=\"https:\/\/escolaplenarius.com.br\/wp-content\/uploads\/2024\/09\/Vacinando-pitbullzinho-smooth-like-butter.mp4\" controls=\"\" preload=\"metadata\" controlsList=\"nodownload\"><\/video>\n\t\t\t\t<\/div>\n\t\t\t\t\t\t<\/div>\n\t\t\t\t<\/div>\n\t\t<div class=\"elementor-element elementor-element-a91d7a7 e-con-full e-flex e-con e-child\" data-id=\"a91d7a7\" data-element_type=\"container\" data-e-type=\"container\">\n\t\t\t\t<div class=\"elementor-element elementor-element-b892cb6 elementor-widget elementor-widget-video\" data-id=\"b892cb6\" data-element_type=\"widget\" data-e-type=\"widget\" data-settings=\"{&quot;video_type&quot;:&quot;hosted&quot;,&quot;controls&quot;:&quot;yes&quot;}\" data-widget_type=\"video.default\">\n\t\t\t\t\t\t\t<div class=\"e-hosted-video elementor-wrapper elementor-open-inline\">\n\t\t\t\t\t<video class=\"elementor-video\" src=\"https:\/\/escolaplenarius.com.br\/wp-content\/uploads\/2024\/09\/Cachorro-zoiudo-du-dari-dari-daru.mp4\" controls=\"\" preload=\"metadata\" controlsList=\"nodownload\"><\/video>\n\t\t\t\t<\/div>\n\t\t\t\t\t\t<\/div>\n\t\t\t\t<\/div>\n\t\t<div class=\"elementor-element elementor-element-c6bafba e-con-full e-flex e-con e-child\" data-id=\"c6bafba\" data-element_type=\"container\" data-e-type=\"container\">\n\t\t\t\t<div class=\"elementor-element elementor-element-e249f33 elementor-widget elementor-widget-video\" data-id=\"e249f33\" data-element_type=\"widget\" data-e-type=\"widget\" data-settings=\"{&quot;video_type&quot;:&quot;hosted&quot;,&quot;controls&quot;:&quot;yes&quot;}\" data-widget_type=\"video.default\">\n\t\t\t\t\t\t\t<div class=\"e-hosted-video elementor-wrapper elementor-open-inline\">\n\t\t\t\t\t<video class=\"elementor-video\" src=\"https:\/\/escolaplenarius.com.br\/wp-content\/uploads\/2024\/09\/Dr-americano-vacinando-doguinho-butter.mp4\" controls=\"\" preload=\"metadata\" controlsList=\"nodownload\"><\/video>\n\t\t\t\t<\/div>\n\t\t\t\t\t\t<\/div>\n\t\t\t\t<\/div>\n\t\t<div class=\"elementor-element elementor-element-ce422fd e-con-full e-flex e-con e-child\" data-id=\"ce422fd\" data-element_type=\"container\" data-e-type=\"container\">\n\t\t\t\t<div class=\"elementor-element elementor-element-2e35b00 elementor-widget elementor-widget-video\" data-id=\"2e35b00\" data-element_type=\"widget\" data-e-type=\"widget\" data-settings=\"{&quot;video_type&quot;:&quot;hosted&quot;,&quot;controls&quot;:&quot;yes&quot;}\" data-widget_type=\"video.default\">\n\t\t\t\t\t\t\t<div class=\"e-hosted-video elementor-wrapper elementor-open-inline\">\n\t\t\t\t\t<video class=\"elementor-video\" src=\"https:\/\/escolaplenarius.com.br\/wp-content\/uploads\/2024\/09\/Cachorro-zoiudo-du-dari-dari-daru.mp4\" controls=\"\" preload=\"metadata\" controlsList=\"nodownload\"><\/video>\n\t\t\t\t<\/div>\n\t\t\t\t\t\t<\/div>\n\t\t\t\t<\/div>\n\t\t\t\t\t<\/div>\n\t\t\t\t<\/div>\n\t\t\t\t<\/div>\n\t\t","protected":false},"excerpt":{"rendered":"<p>Curso de Auxiliar Veterin\u00e1rio Voc\u00ea ama os animais e quer atuar em um dos setores que mais crescem no mundo? O Curso de Auxiliar Veterin\u00e1rio da Escola T\u00e9cnica Plenarius \u00e9 a sua oportunidade de entrar no terceiro mercado mais lucrativo globalmente e fazer a diferen\u00e7a na vida dos pets. Onde Voc\u00ea Pode Trabalhar: Ao se [&hellip;]<\/p>\n","protected":false},"author":3,"featured_media":0,"parent":0,"menu_order":0,"comment_status":"open","ping_status":"closed","template":"","meta":{"footnotes":""},"class_list":["post-359","page","type-page","status-publish","hentry"],"_links":{"self":[{"href":"https:\/\/escolaplenarius.com.br\/index.php\/wp-json\/wp\/v2\/pages\/359","targetHints":{"allow":["GET"]}}],"collection":[{"href":"https:\/\/escolaplenarius.com.br\/index.php\/wp-json\/wp\/v2\/pages"}],"about":[{"href":"https:\/\/escolaplenarius.com.br\/index.php\/wp-json\/wp\/v2\/types\/page"}],"author":[{"embeddable":true,"href":"https:\/\/escolaplenarius.com.br\/index.php\/wp-json\/wp\/v2\/users\/3"}],"replies":[{"embeddable":true,"href":"https:\/\/escolaplenarius.com.br\/index.php\/wp-json\/wp\/v2\/comments?post=359"}],"version-history":[{"count":16,"href":"https:\/\/escolaplenarius.com.br\/index.php\/wp-json\/wp\/v2\/pages\/359\/revisions"}],"predecessor-version":[{"id":1200,"href":"https:\/\/escolaplenarius.com.br\/index.php\/wp-json\/wp\/v2\/pages\/359\/revisions\/1200"}],"wp:attachment":[{"href":"https:\/\/escolaplenarius.com.br\/index.php\/wp-json\/wp\/v2\/media?parent=359"}],"curies":[{"name":"wp","href":"https:\/\/api.w.org\/{rel}","templated":true}]}}