{"id":361,"date":"2024-09-18T08:54:59","date_gmt":"2024-09-18T11:54:59","guid":{"rendered":"https:\/\/escolaplenarius.com.br\/?page_id=361"},"modified":"2026-02-25T10:46:32","modified_gmt":"2026-02-25T13:46:32","slug":"mecanico-de-motos","status":"publish","type":"page","link":"https:\/\/escolaplenarius.com.br\/index.php\/mecanico-de-motos\/","title":{"rendered":"Mec\u00e2nico de Motos"},"content":{"rendered":"\t\t<div data-elementor-type=\"wp-page\" data-elementor-id=\"361\" class=\"elementor elementor-361\" data-elementor-post-type=\"page\">\n\t\t\t\t<div class=\"elementor-element elementor-element-7b968e2 e-con-full e-flex e-con e-parent\" data-id=\"7b968e2\" data-element_type=\"container\" data-e-type=\"container\">\n\t\t\t\t<div class=\"elementor-element elementor-element-e041a1e elementor-widget elementor-widget-image\" data-id=\"e041a1e\" data-element_type=\"widget\" data-e-type=\"widget\" data-widget_type=\"image.default\">\n\t\t\t\t\t\t\t\t\t\t\t\t\t\t\t<img fetchpriority=\"high\" decoding=\"async\" width=\"3120\" height=\"1248\" src=\"https:\/\/escolaplenarius.com.br\/wp-content\/uploads\/2024\/09\/Home-12.png\" class=\"attachment-full size-full wp-image-122\" alt=\"\" srcset=\"https:\/\/escolaplenarius.com.br\/wp-content\/uploads\/2024\/09\/Home-12.png 3120w, https:\/\/escolaplenarius.com.br\/wp-content\/uploads\/2024\/09\/Home-12-300x120.png 300w, https:\/\/escolaplenarius.com.br\/wp-content\/uploads\/2024\/09\/Home-12-1024x410.png 1024w, https:\/\/escolaplenarius.com.br\/wp-content\/uploads\/2024\/09\/Home-12-768x307.png 768w, https:\/\/escolaplenarius.com.br\/wp-content\/uploads\/2024\/09\/Home-12-1536x614.png 1536w, https:\/\/escolaplenarius.com.br\/wp-content\/uploads\/2024\/09\/Home-12-2048x819.png 2048w\" sizes=\"(max-width: 3120px) 100vw, 3120px\" \/>\t\t\t\t\t\t\t\t\t\t\t\t\t\t\t<\/div>\n\t\t\t\t<\/div>\n\t\t<div class=\"elementor-element elementor-element-037115c e-flex e-con-boxed e-con e-parent\" data-id=\"037115c\" data-element_type=\"container\" data-e-type=\"container\">\n\t\t\t\t\t<div class=\"e-con-inner\">\n\t\t\t\t<div class=\"elementor-element elementor-element-afc5315 elementor-widget elementor-widget-heading\" data-id=\"afc5315\" data-element_type=\"widget\" data-e-type=\"widget\" data-widget_type=\"heading.default\">\n\t\t\t\t\t<h2 class=\"elementor-heading-title elementor-size-default\">Curso de Mec\u00e2nica de Motos\n<\/h2>\t\t\t\t<\/div>\n\t\t\t\t<div class=\"elementor-element elementor-element-86ac8e5 elementor-widget elementor-widget-text-editor\" data-id=\"86ac8e5\" data-element_type=\"widget\" data-e-type=\"widget\" data-widget_type=\"text-editor.default\">\n\t\t\t\t\t\t\t\t\t<div class=\"flex-shrink-0 flex flex-col relative items-end\"><div class=\"pt-0\"><div class=\"gizmo-bot-avatar flex h-8 w-8 items-center justify-center overflow-hidden rounded-full\"><p><strong>Entre para o mercado que n\u00e3o para de crescer!<\/strong><\/p><p><strong>O que voc\u00ea vai encontrar:<\/strong><\/p><ul><li><strong>Professor Super Qualificado:<\/strong> Aprenda com um profissional experiente e reconhecido na \u00e1rea.<\/li><li><strong>Certificado Reconhecido:<\/strong> Receba um certificado que abre portas no mercado de trabalho.<\/li><li><strong>Aulas Pr\u00e1ticas em um Ambiente de Oficina de Verdade:<\/strong> Experi\u00eancia pr\u00e1tica real em uma oficina equipada e profissional.<\/li><li><strong>E Muito Mais&#8230;<\/strong>: Al\u00e9m do conhecimento t\u00e9cnico, oferecemos uma forma\u00e7\u00e3o completa para preparar voc\u00ea para o sucesso.<\/li><\/ul><p>N\u00e3o perca a oportunidade de se especializar em uma \u00e1rea em alta demanda e transformar sua carreira!<\/p><\/div><\/div><\/div><div class=\"group\/conversation-turn relative flex w-full min-w-0 flex-col agent-turn\"><div class=\"flex-col gap-1 md:gap-3\"><div class=\"flex max-w-full flex-col flex-grow\"><div class=\"min-h-[20px] text-message flex w-full flex-col items-end gap-2 whitespace-normal break-words [.text-message+&amp;]:mt-5\" dir=\"auto\" data-message-author-role=\"assistant\" data-message-id=\"6d3a9978-2971-4fe5-9765-9b8c5b57525b\"><div class=\"flex w-full flex-col gap-1 empty:hidden first:pt-[3px]\"><div class=\"markdown prose w-full break-words dark:prose-invert dark\"><h4>Sobre a Escola T\u00e9cnica Plenarius<\/h4><p>Com 26 anos de experi\u00eancia, a Escola T\u00e9cnica Plenarius \u00e9 refer\u00eancia em cursos, formando grandes profissionais que se destacam no mercado.<\/p><h4>Participe e Seja o Protagonista da Sua Vida!<\/h4><p>Para mais informa\u00e7\u00f5es cadastre-se.<\/p><\/div><\/div><\/div><\/div><\/div><\/div>\t\t\t\t\t\t\t\t<\/div>\n\t\t\t\t\t<\/div>\n\t\t\t\t<\/div>\n\t\t<div class=\"elementor-element elementor-element-b59ca8c e-flex e-con-boxed e-con e-parent\" data-id=\"b59ca8c\" data-element_type=\"container\" data-e-type=\"container\">\n\t\t\t\t\t<div class=\"e-con-inner\">\n\t\t\t\t<div class=\"elementor-element elementor-element-fa0daa3 elementor-widget elementor-widget-button\" data-id=\"fa0daa3\" data-element_type=\"widget\" data-e-type=\"widget\" data-widget_type=\"button.default\">\n\t\t\t\t\t\t\t\t\t\t<a class=\"elementor-button elementor-button-link elementor-size-sm\" href=\"https:\/\/escolaplenarius.com.br\/index.php\/olaobrigado\/\">\n\t\t\t\t\t\t<span class=\"elementor-button-content-wrapper\">\n\t\t\t\t\t\t\t\t\t<span class=\"elementor-button-text\">Clique aqui e cadastre-se<\/span>\n\t\t\t\t\t<\/span>\n\t\t\t\t\t<\/a>\n\t\t\t\t\t\t\t\t<\/div>\n\t\t\t\t\t<\/div>\n\t\t\t\t<\/div>\n\t\t<div class=\"elementor-element elementor-element-1e2d0c6 e-flex e-con-boxed e-con e-parent\" data-id=\"1e2d0c6\" data-element_type=\"container\" data-e-type=\"container\">\n\t\t\t\t\t<div class=\"e-con-inner\">\n\t\t<div class=\"elementor-element elementor-element-eb8c9d0 e-con-full e-flex e-con e-child\" data-id=\"eb8c9d0\" data-element_type=\"container\" data-e-type=\"container\">\n\t\t\t\t<div class=\"elementor-element elementor-element-d7cf104 elementor-widget elementor-widget-video\" data-id=\"d7cf104\" data-element_type=\"widget\" data-e-type=\"widget\" data-settings=\"{&quot;video_type&quot;:&quot;hosted&quot;,&quot;controls&quot;:&quot;yes&quot;}\" data-widget_type=\"video.default\">\n\t\t\t\t\t\t\t<div class=\"e-hosted-video elementor-wrapper elementor-open-inline\">\n\t\t\t\t\t<video class=\"elementor-video\" src=\"https:\/\/escolaplenarius.com.br\/wp-content\/uploads\/2024\/09\/Abrindo-motos-passo-o-BIC-poe-no-ar.mp4\" controls=\"\" preload=\"metadata\" controlsList=\"nodownload\"><\/video>\n\t\t\t\t<\/div>\n\t\t\t\t\t\t<\/div>\n\t\t\t\t<\/div>\n\t\t<div class=\"elementor-element elementor-element-f2cc6d9 e-con-full e-flex e-con e-child\" data-id=\"f2cc6d9\" data-element_type=\"container\" data-e-type=\"container\">\n\t\t\t\t<div class=\"elementor-element elementor-element-50edbee elementor-widget elementor-widget-video\" data-id=\"50edbee\" data-element_type=\"widget\" data-e-type=\"widget\" data-settings=\"{&quot;video_type&quot;:&quot;hosted&quot;,&quot;controls&quot;:&quot;yes&quot;}\" data-widget_type=\"video.default\">\n\t\t\t\t\t\t\t<div class=\"e-hosted-video elementor-wrapper elementor-open-inline\">\n\t\t\t\t\t<video class=\"elementor-video\" src=\"https:\/\/escolaplenarius.com.br\/wp-content\/uploads\/2024\/09\/Abrindo-o-motor-da-Suzuki.mp4\" controls=\"\" preload=\"metadata\" controlsList=\"nodownload\"><\/video>\n\t\t\t\t<\/div>\n\t\t\t\t\t\t<\/div>\n\t\t\t\t<\/div>\n\t\t<div class=\"elementor-element elementor-element-97a5466 e-con-full e-flex e-con e-child\" data-id=\"97a5466\" data-element_type=\"container\" data-e-type=\"container\">\n\t\t\t\t<div class=\"elementor-element elementor-element-c44a660 elementor-widget elementor-widget-video\" data-id=\"c44a660\" data-element_type=\"widget\" data-e-type=\"widget\" data-settings=\"{&quot;video_type&quot;:&quot;hosted&quot;,&quot;controls&quot;:&quot;yes&quot;}\" data-widget_type=\"video.default\">\n\t\t\t\t\t\t\t<div class=\"e-hosted-video elementor-wrapper elementor-open-inline\">\n\t\t\t\t\t<video class=\"elementor-video\" src=\"https:\/\/escolaplenarius.com.br\/wp-content\/uploads\/2024\/09\/Fazendo-motor-leopardo-ou-zebra-me-diz-se-q.mp4\" controls=\"\" preload=\"metadata\" controlsList=\"nodownload\"><\/video>\n\t\t\t\t<\/div>\n\t\t\t\t\t\t<\/div>\n\t\t\t\t<\/div>\n\t\t<div class=\"elementor-element elementor-element-1a27d69 e-con-full e-flex e-con e-child\" data-id=\"1a27d69\" data-element_type=\"container\" data-e-type=\"container\">\n\t\t\t\t<div class=\"elementor-element elementor-element-c45eee3 elementor-widget elementor-widget-video\" data-id=\"c45eee3\" data-element_type=\"widget\" data-e-type=\"widget\" data-settings=\"{&quot;video_type&quot;:&quot;hosted&quot;,&quot;controls&quot;:&quot;yes&quot;}\" data-widget_type=\"video.default\">\n\t\t\t\t\t\t\t<div class=\"e-hosted-video elementor-wrapper elementor-open-inline\">\n\t\t\t\t\t<video class=\"elementor-video\" src=\"https:\/\/escolaplenarius.com.br\/wp-content\/uploads\/2024\/09\/Reconstruindo-moto-de-50-anos-de-idade.mp4\" controls=\"\" preload=\"metadata\" controlsList=\"nodownload\"><\/video>\n\t\t\t\t<\/div>\n\t\t\t\t\t\t<\/div>\n\t\t\t\t<\/div>\n\t\t\t\t\t<\/div>\n\t\t\t\t<\/div>\n\t\t\t\t<\/div>\n\t\t","protected":false},"excerpt":{"rendered":"<p>Curso de Mec\u00e2nica de Motos Entre para o mercado que n\u00e3o para de crescer! O que voc\u00ea vai encontrar: Professor Super Qualificado: Aprenda com um profissional experiente e reconhecido na \u00e1rea. Certificado Reconhecido: Receba um certificado que abre portas no mercado de trabalho. Aulas Pr\u00e1ticas em um Ambiente de Oficina de Verdade: Experi\u00eancia pr\u00e1tica real [&hellip;]<\/p>\n","protected":false},"author":3,"featured_media":0,"parent":0,"menu_order":0,"comment_status":"open","ping_status":"closed","template":"","meta":{"footnotes":""},"class_list":["post-361","page","type-page","status-publish","hentry"],"_links":{"self":[{"href":"https:\/\/escolaplenarius.com.br\/index.php\/wp-json\/wp\/v2\/pages\/361","targetHints":{"allow":["GET"]}}],"collection":[{"href":"https:\/\/escolaplenarius.com.br\/index.php\/wp-json\/wp\/v2\/pages"}],"about":[{"href":"https:\/\/escolaplenarius.com.br\/index.php\/wp-json\/wp\/v2\/types\/page"}],"author":[{"embeddable":true,"href":"https:\/\/escolaplenarius.com.br\/index.php\/wp-json\/wp\/v2\/users\/3"}],"replies":[{"embeddable":true,"href":"https:\/\/escolaplenarius.com.br\/index.php\/wp-json\/wp\/v2\/comments?post=361"}],"version-history":[{"count":13,"href":"https:\/\/escolaplenarius.com.br\/index.php\/wp-json\/wp\/v2\/pages\/361\/revisions"}],"predecessor-version":[{"id":1203,"href":"https:\/\/escolaplenarius.com.br\/index.php\/wp-json\/wp\/v2\/pages\/361\/revisions\/1203"}],"wp:attachment":[{"href":"https:\/\/escolaplenarius.com.br\/index.php\/wp-json\/wp\/v2\/media?parent=361"}],"curies":[{"name":"wp","href":"https:\/\/api.w.org\/{rel}","templated":true}]}}