{"id":363,"date":"2024-09-18T08:55:23","date_gmt":"2024-09-18T11:55:23","guid":{"rendered":"https:\/\/escolaplenarius.com.br\/?page_id=363"},"modified":"2026-03-25T13:44:03","modified_gmt":"2026-03-25T16:44:03","slug":"auxiliar-de-necropsia","status":"publish","type":"page","link":"https:\/\/escolaplenarius.com.br\/index.php\/auxiliar-de-necropsia\/","title":{"rendered":"Auxiliar de Necr\u00f3psia"},"content":{"rendered":"\t\t<div data-elementor-type=\"wp-page\" data-elementor-id=\"363\" class=\"elementor elementor-363\" data-elementor-post-type=\"page\">\n\t\t\t\t<div class=\"elementor-element elementor-element-9fc20cf e-con-full e-flex e-con e-parent\" data-id=\"9fc20cf\" data-element_type=\"container\" data-e-type=\"container\">\n\t\t\t\t<div class=\"elementor-element elementor-element-91bb6b1 elementor-widget elementor-widget-image\" data-id=\"91bb6b1\" data-element_type=\"widget\" data-e-type=\"widget\" data-widget_type=\"image.default\">\n\t\t\t\t\t\t\t\t\t\t\t\t\t\t\t<img fetchpriority=\"high\" decoding=\"async\" width=\"3120\" height=\"1248\" src=\"https:\/\/escolaplenarius.com.br\/wp-content\/uploads\/2024\/09\/arteplenarius17.png\" class=\"attachment-full size-full wp-image-519\" alt=\"\" srcset=\"https:\/\/escolaplenarius.com.br\/wp-content\/uploads\/2024\/09\/arteplenarius17.png 3120w, https:\/\/escolaplenarius.com.br\/wp-content\/uploads\/2024\/09\/arteplenarius17-300x120.png 300w, https:\/\/escolaplenarius.com.br\/wp-content\/uploads\/2024\/09\/arteplenarius17-1024x410.png 1024w, https:\/\/escolaplenarius.com.br\/wp-content\/uploads\/2024\/09\/arteplenarius17-768x307.png 768w, https:\/\/escolaplenarius.com.br\/wp-content\/uploads\/2024\/09\/arteplenarius17-1536x614.png 1536w, https:\/\/escolaplenarius.com.br\/wp-content\/uploads\/2024\/09\/arteplenarius17-2048x819.png 2048w\" sizes=\"(max-width: 3120px) 100vw, 3120px\" \/>\t\t\t\t\t\t\t\t\t\t\t\t\t\t\t<\/div>\n\t\t\t\t<\/div>\n\t\t<div class=\"elementor-element elementor-element-d4529b2 e-flex e-con-boxed e-con e-parent\" data-id=\"d4529b2\" data-element_type=\"container\" data-e-type=\"container\">\n\t\t\t\t\t<div class=\"e-con-inner\">\n\t\t\t\t<div class=\"elementor-element elementor-element-9f433a1 elementor-align-left elementor-mobile-align-center elementor-widget elementor-widget-button\" data-id=\"9f433a1\" data-element_type=\"widget\" data-e-type=\"widget\" data-widget_type=\"button.default\">\n\t\t\t\t\t\t\t\t\t\t<a class=\"elementor-button elementor-button-link elementor-size-sm\" href=\"https:\/\/escolaplenarius.com.br\/index.php\/olaobrigado\/\">\n\t\t\t\t\t\t<span class=\"elementor-button-content-wrapper\">\n\t\t\t\t\t\t\t\t\t<span class=\"elementor-button-text\">QUero conhecer o curso!<\/span>\n\t\t\t\t\t<\/span>\n\t\t\t\t\t<\/a>\n\t\t\t\t\t\t\t\t<\/div>\n\t\t\t\t<div class=\"elementor-element elementor-element-58fd235 elementor-widget elementor-widget-heading\" data-id=\"58fd235\" data-element_type=\"widget\" data-e-type=\"widget\" data-widget_type=\"heading.default\">\n\t\t\t\t\t<h2 class=\"elementor-heading-title elementor-size-default\">Curso de Auxiliar de Necr\u00f3psia e Ci\u00eancias Mortu\u00e1rias<\/h2>\t\t\t\t<\/div>\n\t\t\t\t<div class=\"elementor-element elementor-element-8f41d20 elementor-widget elementor-widget-text-editor\" data-id=\"8f41d20\" data-element_type=\"widget\" data-e-type=\"widget\" data-widget_type=\"text-editor.default\">\n\t\t\t\t\t\t\t\t\t<div class=\"flex-shrink-0 flex flex-col relative items-end\"><div class=\"pt-0\"><div class=\"gizmo-bot-avatar flex h-8 w-8 items-center justify-center overflow-hidden rounded-full\"><div class=\"flex max-w-full flex-col flex-grow\"><div class=\"min-h-[20px] text-message flex w-full flex-col items-end gap-2 whitespace-normal break-words [.text-message+&amp;]:mt-5\" dir=\"auto\" data-message-author-role=\"assistant\" data-message-id=\"8035f5a6-703f-4dcb-9b31-70603d2a433f\"><div class=\"flex w-full flex-col gap-1 empty:hidden first:pt-[3px]\"><div class=\"markdown prose w-full break-words dark:prose-invert dark\"><p>Prepare-se para uma carreira \u00fanica com o <strong>Curso de Auxiliar de Necr\u00f3psia e Ci\u00eancias Mortu\u00e1rias<\/strong>, que oferece uma forma\u00e7\u00e3o completa e especializada na \u00e1rea.<\/p><h4>Curso 5 em 1:<\/h4><ul><li><strong>Tanatopraxia<\/strong>: T\u00e9cnicas de conserva\u00e7\u00e3o e prepara\u00e7\u00e3o de cad\u00e1veres.<\/li><li><strong>Necromaquiagem<\/strong>: Aprenda t\u00e9cnicas de maquiagem mortu\u00e1ria.<\/li><li><strong>No\u00e7\u00f5es de Necr\u00f3psia<\/strong>: Auxilie o M\u00e9dico Legista no exame para determinar a causa da morte.<\/li><li><strong>Agente Funer\u00e1rio<\/strong>: Especialize-se em servi\u00e7os funer\u00e1rios.<\/li><li><strong>Reconstru\u00e7\u00e3o Facial<\/strong>: Saiba como reconstruir rostos de cad\u00e1veres desfigurados por acidentes ou doen\u00e7as.<\/li><\/ul><h4>B\u00f4nus Exclusivo:<\/h4><ul><li><strong>Papiloscopia<\/strong>: Identifica\u00e7\u00e3o humana por meio das papilas d\u00e9rmicas.<\/li><li><strong>No\u00e7\u00f5es de Per\u00edcia Criminal<\/strong>: Conhecimentos b\u00e1sicos de investiga\u00e7\u00f5es forenses.<\/li><\/ul><h4>Benef\u00edcios do Curso:<\/h4><ul><li><strong>Aulas pr\u00e1ticas com corpos reais<\/strong>.<\/li><li><strong>Aulas te\u00f3ricas e pr\u00e1ticas em laborat\u00f3rio<\/strong>.<\/li><li><strong>Carteirinha de estudante<\/strong> e <strong>camisa do curso<\/strong>.<\/li><li><strong>Apostila completa<\/strong> e <strong>portal did\u00e1tico do aluno<\/strong>.<\/li><li>Metodologia exclusiva e <strong>certifica\u00e7\u00e3o garantida<\/strong>.<\/li><\/ul><h4>Potencial de Ganhos:<\/h4><p>\ud83d\udcb5 <strong>R$ 5.256,00<\/strong> de sal\u00e1rio como Auxiliar de Necr\u00f3psia.<\/p><h4>Vantagens:<\/h4><ul><li><strong>6 forma\u00e7\u00f5es<\/strong> em um s\u00f3 curso:<ol><li><strong>Tanatopraxia<\/strong><\/li><li><strong>Agente Funer\u00e1rio<\/strong><\/li><li><strong>Necromaquiagem<\/strong><\/li><li><strong>No\u00e7\u00f5es de Necr\u00f3psia<\/strong><\/li><li><strong>Reconstru\u00e7\u00e3o Facial<\/strong><\/li><li><strong>Papiloscopia<\/strong><\/li><\/ol><\/li><\/ul><h4>\u00daltimas Vagas Dispon\u00edveis!<\/h4><p>Aproveite o <strong>lote promocional<\/strong> e garanta sua vaga.<\/p><h4>Sobre a Escola T\u00e9cnica Plenarius:<\/h4><p>Com <strong>26 anos de experi\u00eancia<\/strong>, a Escola T\u00e9cnica Plenarius \u00e9 refer\u00eancia em cursos na \u00e1rea de ci\u00eancias mortu\u00e1rias, formando grandes profissionais com uma metodologia exclusiva e altamente qualificada.<\/p><h4>Inscreva-se Agora:<\/h4><p>\ud83d\udcd8 Venha ser o protagonista da sua vida!<br \/>Clique no bot\u00e3o abaixo e cadastre-se agora mesmo.<\/p><\/div><\/div><\/div><\/div><div class=\"mt-1 flex gap-3 empty:hidden -ml-2\"><div class=\"items-center justify-start rounded-xl p-1 flex\"><div class=\"flex items-center\">\u00a0<\/div><\/div><\/div><\/div><\/div><\/div>\t\t\t\t\t\t\t\t<\/div>\n\t\t\t\t<div class=\"elementor-element elementor-element-d1b1ffb elementor-align-left elementor-mobile-align-center elementor-widget elementor-widget-button\" data-id=\"d1b1ffb\" data-element_type=\"widget\" data-e-type=\"widget\" data-widget_type=\"button.default\">\n\t\t\t\t\t\t\t\t\t\t<a class=\"elementor-button elementor-button-link elementor-size-sm\" href=\"https:\/\/escolaplenarius.com.br\/index.php\/olaobrigado\/\">\n\t\t\t\t\t\t<span class=\"elementor-button-content-wrapper\">\n\t\t\t\t\t\t\t\t\t<span class=\"elementor-button-text\">QUero conhecer o curso!<\/span>\n\t\t\t\t\t<\/span>\n\t\t\t\t\t<\/a>\n\t\t\t\t\t\t\t\t<\/div>\n\t\t\t\t\t<\/div>\n\t\t\t\t<\/div>\n\t\t<div class=\"elementor-element elementor-element-8d9a345 e-flex e-con-boxed e-con e-parent\" data-id=\"8d9a345\" data-element_type=\"container\" data-e-type=\"container\">\n\t\t\t\t\t<div class=\"e-con-inner\">\n\t\t<div class=\"elementor-element elementor-element-d0b38de e-con-full e-flex e-con e-child\" data-id=\"d0b38de\" data-element_type=\"container\" data-e-type=\"container\">\n\t\t\t\t<div class=\"elementor-element elementor-element-403c663 elementor-widget elementor-widget-video\" data-id=\"403c663\" data-element_type=\"widget\" data-e-type=\"widget\" data-settings=\"{&quot;video_type&quot;:&quot;hosted&quot;,&quot;controls&quot;:&quot;yes&quot;}\" data-widget_type=\"video.default\">\n\t\t\t\t\t\t\t<div class=\"e-hosted-video elementor-wrapper elementor-open-inline\">\n\t\t\t\t\t<video class=\"elementor-video\" src=\"https:\/\/escolaplenarius.com.br\/wp-content\/uploads\/2024\/09\/TANATO-Arrumando-menina-faca-o-seu-melhor.mp4\" controls=\"\" preload=\"metadata\" controlsList=\"nodownload\"><\/video>\n\t\t\t\t<\/div>\n\t\t\t\t\t\t<\/div>\n\t\t\t\t<\/div>\n\t\t<div class=\"elementor-element elementor-element-480c2fb e-con-full e-flex e-con e-child\" data-id=\"480c2fb\" data-element_type=\"container\" data-e-type=\"container\">\n\t\t\t\t<div class=\"elementor-element elementor-element-98d8552 elementor-widget elementor-widget-video\" data-id=\"98d8552\" data-element_type=\"widget\" data-e-type=\"widget\" data-settings=\"{&quot;video_type&quot;:&quot;hosted&quot;,&quot;controls&quot;:&quot;yes&quot;}\" data-widget_type=\"video.default\">\n\t\t\t\t\t\t\t<div class=\"e-hosted-video elementor-wrapper elementor-open-inline\">\n\t\t\t\t\t<video class=\"elementor-video\" src=\"https:\/\/escolaplenarius.com.br\/wp-content\/uploads\/2024\/09\/TANATO-Carequinha-com-zoom-faca-o-seu-melhor.mp4\" controls=\"\" preload=\"metadata\" controlsList=\"nodownload\"><\/video>\n\t\t\t\t<\/div>\n\t\t\t\t\t\t<\/div>\n\t\t\t\t<\/div>\n\t\t<div class=\"elementor-element elementor-element-a6fc59e e-con-full e-flex e-con e-child\" data-id=\"a6fc59e\" data-element_type=\"container\" data-e-type=\"container\">\n\t\t\t\t<div class=\"elementor-element elementor-element-82e7d29 elementor-widget elementor-widget-video\" data-id=\"82e7d29\" data-element_type=\"widget\" data-e-type=\"widget\" data-settings=\"{&quot;video_type&quot;:&quot;hosted&quot;,&quot;controls&quot;:&quot;yes&quot;}\" data-widget_type=\"video.default\">\n\t\t\t\t\t\t\t<div class=\"e-hosted-video elementor-wrapper elementor-open-inline\">\n\t\t\t\t\t<video class=\"elementor-video\" src=\"https:\/\/escolaplenarius.com.br\/wp-content\/uploads\/2024\/09\/Cadaver-Tank-dead-body-storage-tank.mp4\" controls=\"\" preload=\"metadata\" controlsList=\"nodownload\"><\/video>\n\t\t\t\t<\/div>\n\t\t\t\t\t\t<\/div>\n\t\t\t\t<\/div>\n\t\t\t\t\t<\/div>\n\t\t\t\t<\/div>\n\t\t\t\t<\/div>\n\t\t","protected":false},"excerpt":{"rendered":"<p>QUero conhecer o curso! Curso de Auxiliar de Necr\u00f3psia e Ci\u00eancias Mortu\u00e1rias Prepare-se para uma carreira \u00fanica com o Curso de Auxiliar de Necr\u00f3psia e Ci\u00eancias Mortu\u00e1rias, que oferece uma forma\u00e7\u00e3o completa e especializada na \u00e1rea. Curso 5 em 1: Tanatopraxia: T\u00e9cnicas de conserva\u00e7\u00e3o e prepara\u00e7\u00e3o de cad\u00e1veres. Necromaquiagem: Aprenda t\u00e9cnicas de maquiagem mortu\u00e1ria. No\u00e7\u00f5es [&hellip;]<\/p>\n","protected":false},"author":3,"featured_media":0,"parent":0,"menu_order":0,"comment_status":"open","ping_status":"closed","template":"","meta":{"footnotes":""},"class_list":["post-363","page","type-page","status-publish","hentry"],"_links":{"self":[{"href":"https:\/\/escolaplenarius.com.br\/index.php\/wp-json\/wp\/v2\/pages\/363","targetHints":{"allow":["GET"]}}],"collection":[{"href":"https:\/\/escolaplenarius.com.br\/index.php\/wp-json\/wp\/v2\/pages"}],"about":[{"href":"https:\/\/escolaplenarius.com.br\/index.php\/wp-json\/wp\/v2\/types\/page"}],"author":[{"embeddable":true,"href":"https:\/\/escolaplenarius.com.br\/index.php\/wp-json\/wp\/v2\/users\/3"}],"replies":[{"embeddable":true,"href":"https:\/\/escolaplenarius.com.br\/index.php\/wp-json\/wp\/v2\/comments?post=363"}],"version-history":[{"count":35,"href":"https:\/\/escolaplenarius.com.br\/index.php\/wp-json\/wp\/v2\/pages\/363\/revisions"}],"predecessor-version":[{"id":1388,"href":"https:\/\/escolaplenarius.com.br\/index.php\/wp-json\/wp\/v2\/pages\/363\/revisions\/1388"}],"wp:attachment":[{"href":"https:\/\/escolaplenarius.com.br\/index.php\/wp-json\/wp\/v2\/media?parent=363"}],"curies":[{"name":"wp","href":"https:\/\/api.w.org\/{rel}","templated":true}]}}