{"id":365,"date":"2024-09-18T08:55:43","date_gmt":"2024-09-18T11:55:43","guid":{"rendered":"https:\/\/escolaplenarius.com.br\/?page_id=365"},"modified":"2026-02-22T12:48:11","modified_gmt":"2026-02-22T15:48:11","slug":"piloto-de-drone-agricola","status":"publish","type":"page","link":"https:\/\/escolaplenarius.com.br\/index.php\/piloto-de-drone-agricola\/","title":{"rendered":"Piloto de Drone Agr\u00edcola"},"content":{"rendered":"\t\t<div data-elementor-type=\"wp-page\" data-elementor-id=\"365\" class=\"elementor elementor-365\" data-elementor-post-type=\"page\">\n\t\t\t\t<div class=\"elementor-element elementor-element-ffe6593 e-con-full e-flex e-con e-parent\" data-id=\"ffe6593\" data-element_type=\"container\" data-e-type=\"container\">\n\t\t\t\t<div class=\"elementor-element elementor-element-2cd805f elementor-widget elementor-widget-image\" data-id=\"2cd805f\" data-element_type=\"widget\" data-e-type=\"widget\" data-widget_type=\"image.default\">\n\t\t\t\t\t\t\t\t\t\t\t\t\t\t\t<img fetchpriority=\"high\" decoding=\"async\" width=\"3120\" height=\"1248\" src=\"https:\/\/escolaplenarius.com.br\/wp-content\/uploads\/2024\/09\/arteplenarius14-1.png\" class=\"attachment-full size-full wp-image-557\" alt=\"\" srcset=\"https:\/\/escolaplenarius.com.br\/wp-content\/uploads\/2024\/09\/arteplenarius14-1.png 3120w, https:\/\/escolaplenarius.com.br\/wp-content\/uploads\/2024\/09\/arteplenarius14-1-300x120.png 300w, https:\/\/escolaplenarius.com.br\/wp-content\/uploads\/2024\/09\/arteplenarius14-1-1024x410.png 1024w, https:\/\/escolaplenarius.com.br\/wp-content\/uploads\/2024\/09\/arteplenarius14-1-768x307.png 768w, https:\/\/escolaplenarius.com.br\/wp-content\/uploads\/2024\/09\/arteplenarius14-1-1536x614.png 1536w, https:\/\/escolaplenarius.com.br\/wp-content\/uploads\/2024\/09\/arteplenarius14-1-2048x819.png 2048w\" sizes=\"(max-width: 3120px) 100vw, 3120px\" \/>\t\t\t\t\t\t\t\t\t\t\t\t\t\t\t<\/div>\n\t\t\t\t<div class=\"elementor-element elementor-element-d397c3d elementor-mobile-align-center elementor-widget elementor-widget-button\" data-id=\"d397c3d\" data-element_type=\"widget\" data-e-type=\"widget\" data-widget_type=\"button.default\">\n\t\t\t\t\t\t\t\t\t\t<a class=\"elementor-button elementor-button-link elementor-size-sm\" href=\"https:\/\/escolaplenarius.com.br\/index.php\/olaobrigado\/\">\n\t\t\t\t\t\t<span class=\"elementor-button-content-wrapper\">\n\t\t\t\t\t\t\t\t\t<span class=\"elementor-button-text\">Quero me tornar piloto<\/span>\n\t\t\t\t\t<\/span>\n\t\t\t\t\t<\/a>\n\t\t\t\t\t\t\t\t<\/div>\n\t\t\t\t<\/div>\n\t\t<div class=\"elementor-element elementor-element-d30c7e8 e-flex e-con-boxed e-con e-parent\" data-id=\"d30c7e8\" data-element_type=\"container\" data-e-type=\"container\">\n\t\t\t\t\t<div class=\"e-con-inner\">\n\t\t\t\t<div class=\"elementor-element elementor-element-1238ec3 elementor-widget elementor-widget-heading\" data-id=\"1238ec3\" data-element_type=\"widget\" data-e-type=\"widget\" data-widget_type=\"heading.default\">\n\t\t\t\t\t<h2 class=\"elementor-heading-title elementor-size-default\">Curso Piloto de Drone Agr\u00edcola + Pulveriza\u00e7\u00e3o<\/h2>\t\t\t\t<\/div>\n\t\t\t\t<div class=\"elementor-element elementor-element-c622f80 elementor-widget elementor-widget-text-editor\" data-id=\"c622f80\" data-element_type=\"widget\" data-e-type=\"widget\" data-widget_type=\"text-editor.default\">\n\t\t\t\t\t\t\t\t\t<div class=\"flex-shrink-0 flex flex-col relative items-end\"><div class=\"pt-0\"><div class=\"gizmo-bot-avatar flex h-8 w-8 items-center justify-center overflow-hidden rounded-full\"><p>Aproveite a chance de se especializar em uma das tecnologias mais promissoras do agroneg\u00f3cio com o <strong>Curso Piloto de Drone Agr\u00edcola + Pulveriza\u00e7\u00e3o<\/strong>!<\/p><h4>B\u00f4nus Exclusivo: Mapeamento 3D<\/h4><p>Al\u00e9m das t\u00e9cnicas de pilotagem e pulveriza\u00e7\u00e3o, voc\u00ea tamb\u00e9m aprender\u00e1 a fazer <strong>Mapeamento 3D<\/strong>, uma ferramenta essencial para a gest\u00e3o agr\u00edcola moderna.<\/p><h4>Potencial de Ganhos<\/h4><p>\ud83d\udcb0 Sal\u00e1rios de <strong>R$ 7.000,00 a R$ 14.000,00<\/strong>!<\/p><h4>Benef\u00edcios do Curso<\/h4><ul><li><strong>Preparo de Calda<\/strong>: T\u00e9cnicas para preparar solu\u00e7\u00f5es de pulveriza\u00e7\u00e3o.<\/li><li><strong>Piloto de Drone<\/strong>: Capacita\u00e7\u00e3o completa para opera\u00e7\u00e3o de drones agr\u00edcolas.<\/li><li><strong>Pulveriza\u00e7\u00e3o<\/strong>: Aplica\u00e7\u00e3o eficiente e segura com drones.<\/li><li><strong>Mapeamento 3D<\/strong>: Cria\u00e7\u00e3o de mapas detalhados para an\u00e1lise agr\u00edcola.<\/li><li><strong>An\u00e1lises de \u00cdndices Vegetativos<\/strong>: Avalia\u00e7\u00e3o da sa\u00fade das plantas.<\/li><li><strong>Manuten\u00e7\u00e3o<\/strong>: Cuidados e reparos em drones.<\/li><li><strong>Networking<\/strong>: Conex\u00e3o com profissionais do setor.<\/li><li><strong>EPI&#8217;s<\/strong>: Equipamentos de prote\u00e7\u00e3o individual.<\/li><li><strong>Norma Regulamentadora N\u00b0 31<\/strong>: Atua\u00e7\u00e3o conforme as normas de seguran\u00e7a para o campo.<\/li><li><strong>Legisla\u00e7\u00e3o Vigente<\/strong>: Tudo sobre as leis que regulamentam o uso de drones agr\u00edcolas.<\/li><li><strong>Hospedagem<\/strong>: Incluso no valor do curso.<\/li><li><strong>Almo\u00e7o (churrasco)<\/strong> nos dias de pr\u00e1tica.<\/li><\/ul><h4>Aulas Pr\u00e1ticas em Dois Modelos de Drones<\/h4><p>Ganhe experi\u00eancia com <strong>drones de diferentes tipos<\/strong>, garantindo maior versatilidade no mercado.<\/p><h4>Suporte Completo<\/h4><p>Receba <strong>suporte antes, durante e ap\u00f3s o curso<\/strong> dos nossos professores e equipe t\u00e9cnica, garantindo sua total compreens\u00e3o dos conte\u00fados.<\/p><h4>Lote Promocional Dispon\u00edvel!<\/h4><p>Aproveite as condi\u00e7\u00f5es especiais para se inscrever.<\/p><h4>Oportunidade no Agroneg\u00f3cio<\/h4><p>O <strong>agroneg\u00f3cio<\/strong> \u00e9 um dos setores mais fortes do pa\u00eds, com crescimento acelerado nos \u00faltimos anos. Torne-se um profissional qualificado e tenha destaque nesse mercado promissor.<\/p><h4>Escola T\u00e9cnica Plenarius<\/h4><p>Com <strong>26 anos de experi\u00eancia<\/strong>, a Escola T\u00e9cnica Plenarius \u00e9 refer\u00eancia em cursos para o setor agr\u00edcola, formando grandes profissionais e sendo sin\u00f4nimo de qualidade e credibilidade.<\/p><h4>Seja o Protagonista da Sua Hist\u00f3ria!<\/h4><p>Para mais informa\u00e7\u00f5es, clique no bot\u00e3o abaixo e cadastre-se agora mesmo!<\/p><\/div><\/div><\/div>\t\t\t\t\t\t\t\t<\/div>\n\t\t\t\t<div class=\"elementor-element elementor-element-002c85e elementor-align-left elementor-mobile-align-center elementor-widget elementor-widget-button\" data-id=\"002c85e\" data-element_type=\"widget\" data-e-type=\"widget\" data-widget_type=\"button.default\">\n\t\t\t\t\t\t\t\t\t\t<a class=\"elementor-button elementor-button-link elementor-size-sm\" href=\"https:\/\/escolaplenarius.com.br\/index.php\/olaobrigado\/\">\n\t\t\t\t\t\t<span class=\"elementor-button-content-wrapper\">\n\t\t\t\t\t\t\t\t\t<span class=\"elementor-button-text\">Quero me tornar piloto<\/span>\n\t\t\t\t\t<\/span>\n\t\t\t\t\t<\/a>\n\t\t\t\t\t\t\t\t<\/div>\n\t\t\t\t\t<\/div>\n\t\t\t\t<\/div>\n\t\t<div class=\"elementor-element elementor-element-0002f28 e-flex e-con-boxed e-con e-parent\" data-id=\"0002f28\" data-element_type=\"container\" data-e-type=\"container\">\n\t\t\t\t\t<div class=\"e-con-inner\">\n\t\t\t\t<div class=\"elementor-element elementor-element-0375a36 elementor-align-left elementor-mobile-align-center elementor-widget elementor-widget-button\" data-id=\"0375a36\" data-element_type=\"widget\" data-e-type=\"widget\" data-widget_type=\"button.default\">\n\t\t\t\t\t\t\t\t\t\t<a class=\"elementor-button elementor-button-link elementor-size-sm\" href=\"https:\/\/escolaplenarius.com.br\/index.php\/olaobrigado\/\">\n\t\t\t\t\t\t<span class=\"elementor-button-content-wrapper\">\n\t\t\t\t\t\t\t\t\t<span class=\"elementor-button-text\">Quero me tornar piloto<\/span>\n\t\t\t\t\t<\/span>\n\t\t\t\t\t<\/a>\n\t\t\t\t\t\t\t\t<\/div>\n\t\t\t\t\t<\/div>\n\t\t\t\t<\/div>\n\t\t<div class=\"elementor-element elementor-element-595bb46 e-flex e-con-boxed e-con e-parent\" data-id=\"595bb46\" data-element_type=\"container\" data-e-type=\"container\">\n\t\t\t\t\t<div class=\"e-con-inner\">\n\t\t<div class=\"elementor-element elementor-element-5e16cbf e-con-full e-flex e-con e-child\" data-id=\"5e16cbf\" data-element_type=\"container\" data-e-type=\"container\">\n\t\t\t\t<div class=\"elementor-element elementor-element-7d31e4f elementor-widget elementor-widget-video\" data-id=\"7d31e4f\" data-element_type=\"widget\" data-e-type=\"widget\" data-settings=\"{&quot;video_type&quot;:&quot;hosted&quot;,&quot;controls&quot;:&quot;yes&quot;}\" data-widget_type=\"video.default\">\n\t\t\t\t\t\t\t<div class=\"e-hosted-video elementor-wrapper elementor-open-inline\">\n\t\t\t\t\t<video class=\"elementor-video\" src=\"https:\/\/escolaplenarius.com.br\/wp-content\/uploads\/2024\/09\/ssstik.io_1710007076868.mp4\" controls=\"\" preload=\"metadata\" controlsList=\"nodownload\"><\/video>\n\t\t\t\t<\/div>\n\t\t\t\t\t\t<\/div>\n\t\t\t\t<\/div>\n\t\t<div class=\"elementor-element elementor-element-7b60f2b e-con-full e-flex e-con e-child\" data-id=\"7b60f2b\" data-element_type=\"container\" data-e-type=\"container\">\n\t\t\t\t<div class=\"elementor-element elementor-element-a3b4434 elementor-widget elementor-widget-video\" data-id=\"a3b4434\" data-element_type=\"widget\" data-e-type=\"widget\" data-settings=\"{&quot;video_type&quot;:&quot;hosted&quot;,&quot;controls&quot;:&quot;yes&quot;}\" data-widget_type=\"video.default\">\n\t\t\t\t\t\t\t<div class=\"e-hosted-video elementor-wrapper elementor-open-inline\">\n\t\t\t\t\t<video class=\"elementor-video\" src=\"https:\/\/escolaplenarius.com.br\/wp-content\/uploads\/2024\/09\/ssstik.io_1710007215696.mp4\" controls=\"\" preload=\"metadata\" controlsList=\"nodownload\"><\/video>\n\t\t\t\t<\/div>\n\t\t\t\t\t\t<\/div>\n\t\t\t\t<\/div>\n\t\t<div class=\"elementor-element elementor-element-0d97a1a e-con-full e-flex e-con e-child\" data-id=\"0d97a1a\" data-element_type=\"container\" data-e-type=\"container\">\n\t\t\t\t<div class=\"elementor-element elementor-element-264d971 elementor-widget elementor-widget-video\" data-id=\"264d971\" data-element_type=\"widget\" data-e-type=\"widget\" data-settings=\"{&quot;video_type&quot;:&quot;hosted&quot;,&quot;controls&quot;:&quot;yes&quot;}\" data-widget_type=\"video.default\">\n\t\t\t\t\t\t\t<div class=\"e-hosted-video elementor-wrapper elementor-open-inline\">\n\t\t\t\t\t<video class=\"elementor-video\" src=\"https:\/\/escolaplenarius.com.br\/wp-content\/uploads\/2024\/09\/ssstik.io_1710007499614.mp4\" controls=\"\" preload=\"metadata\" controlsList=\"nodownload\"><\/video>\n\t\t\t\t<\/div>\n\t\t\t\t\t\t<\/div>\n\t\t\t\t<\/div>\n\t\t<div class=\"elementor-element elementor-element-568298f e-con-full e-flex e-con e-child\" data-id=\"568298f\" data-element_type=\"container\" data-e-type=\"container\">\n\t\t\t\t<div class=\"elementor-element elementor-element-9a271bd elementor-widget elementor-widget-video\" data-id=\"9a271bd\" data-element_type=\"widget\" data-e-type=\"widget\" data-settings=\"{&quot;video_type&quot;:&quot;hosted&quot;,&quot;controls&quot;:&quot;yes&quot;}\" data-widget_type=\"video.default\">\n\t\t\t\t\t\t\t<div class=\"e-hosted-video elementor-wrapper elementor-open-inline\">\n\t\t\t\t\t<video class=\"elementor-video\" src=\"https:\/\/escolaplenarius.com.br\/wp-content\/uploads\/2024\/09\/ssstik.io_1710007244901.mp4\" controls=\"\" preload=\"metadata\" controlsList=\"nodownload\"><\/video>\n\t\t\t\t<\/div>\n\t\t\t\t\t\t<\/div>\n\t\t\t\t<\/div>\n\t\t\t\t\t<\/div>\n\t\t\t\t<\/div>\n\t\t\t\t<\/div>\n\t\t","protected":false},"excerpt":{"rendered":"<p>Quero me tornar piloto Curso Piloto de Drone Agr\u00edcola + Pulveriza\u00e7\u00e3o Aproveite a chance de se especializar em uma das tecnologias mais promissoras do agroneg\u00f3cio com o Curso Piloto de Drone Agr\u00edcola + Pulveriza\u00e7\u00e3o! B\u00f4nus Exclusivo: Mapeamento 3D Al\u00e9m das t\u00e9cnicas de pilotagem e pulveriza\u00e7\u00e3o, voc\u00ea tamb\u00e9m aprender\u00e1 a fazer Mapeamento 3D, uma ferramenta essencial [&hellip;]<\/p>\n","protected":false},"author":3,"featured_media":0,"parent":0,"menu_order":0,"comment_status":"closed","ping_status":"closed","template":"","meta":{"footnotes":""},"class_list":["post-365","page","type-page","status-publish","hentry"],"_links":{"self":[{"href":"https:\/\/escolaplenarius.com.br\/index.php\/wp-json\/wp\/v2\/pages\/365","targetHints":{"allow":["GET"]}}],"collection":[{"href":"https:\/\/escolaplenarius.com.br\/index.php\/wp-json\/wp\/v2\/pages"}],"about":[{"href":"https:\/\/escolaplenarius.com.br\/index.php\/wp-json\/wp\/v2\/types\/page"}],"author":[{"embeddable":true,"href":"https:\/\/escolaplenarius.com.br\/index.php\/wp-json\/wp\/v2\/users\/3"}],"replies":[{"embeddable":true,"href":"https:\/\/escolaplenarius.com.br\/index.php\/wp-json\/wp\/v2\/comments?post=365"}],"version-history":[{"count":26,"href":"https:\/\/escolaplenarius.com.br\/index.php\/wp-json\/wp\/v2\/pages\/365\/revisions"}],"predecessor-version":[{"id":1185,"href":"https:\/\/escolaplenarius.com.br\/index.php\/wp-json\/wp\/v2\/pages\/365\/revisions\/1185"}],"wp:attachment":[{"href":"https:\/\/escolaplenarius.com.br\/index.php\/wp-json\/wp\/v2\/media?parent=365"}],"curies":[{"name":"wp","href":"https:\/\/api.w.org\/{rel}","templated":true}]}}