{"id":612,"date":"2024-09-19T08:44:33","date_gmt":"2024-09-19T11:44:33","guid":{"rendered":"https:\/\/escolaplenarius.com.br\/?page_id=612"},"modified":"2026-03-25T13:45:06","modified_gmt":"2026-03-25T16:45:06","slug":"energia-solar","status":"publish","type":"page","link":"https:\/\/escolaplenarius.com.br\/index.php\/energia-solar\/","title":{"rendered":"Energia Solar"},"content":{"rendered":"\t\t<div data-elementor-type=\"wp-page\" data-elementor-id=\"612\" class=\"elementor elementor-612\" data-elementor-post-type=\"page\">\n\t\t\t\t<div class=\"elementor-element elementor-element-5c3b9f4 e-con-full e-flex e-con e-parent\" data-id=\"5c3b9f4\" data-element_type=\"container\" data-e-type=\"container\">\n\t\t\t\t<div class=\"elementor-element elementor-element-e2950ce elementor-widget elementor-widget-image\" data-id=\"e2950ce\" data-element_type=\"widget\" data-e-type=\"widget\" data-widget_type=\"image.default\">\n\t\t\t\t\t\t\t\t\t\t\t\t\t\t\t<img fetchpriority=\"high\" decoding=\"async\" width=\"3120\" height=\"1248\" src=\"https:\/\/escolaplenarius.com.br\/wp-content\/uploads\/2024\/09\/arteplenarius09.png\" class=\"attachment-full size-full wp-image-510\" alt=\"\" srcset=\"https:\/\/escolaplenarius.com.br\/wp-content\/uploads\/2024\/09\/arteplenarius09.png 3120w, https:\/\/escolaplenarius.com.br\/wp-content\/uploads\/2024\/09\/arteplenarius09-300x120.png 300w, https:\/\/escolaplenarius.com.br\/wp-content\/uploads\/2024\/09\/arteplenarius09-1024x410.png 1024w, https:\/\/escolaplenarius.com.br\/wp-content\/uploads\/2024\/09\/arteplenarius09-768x307.png 768w, https:\/\/escolaplenarius.com.br\/wp-content\/uploads\/2024\/09\/arteplenarius09-1536x614.png 1536w, https:\/\/escolaplenarius.com.br\/wp-content\/uploads\/2024\/09\/arteplenarius09-2048x819.png 2048w\" sizes=\"(max-width: 3120px) 100vw, 3120px\" \/>\t\t\t\t\t\t\t\t\t\t\t\t\t\t\t<\/div>\n\t\t\t\t<\/div>\n\t\t<div class=\"elementor-element elementor-element-e2dab4d e-flex e-con-boxed e-con e-parent\" data-id=\"e2dab4d\" data-element_type=\"container\" data-e-type=\"container\">\n\t\t\t\t\t<div class=\"e-con-inner\">\n\t\t\t\t<div class=\"elementor-element elementor-element-b6bc007 elementor-widget elementor-widget-heading\" data-id=\"b6bc007\" data-element_type=\"widget\" data-e-type=\"widget\" data-widget_type=\"heading.default\">\n\t\t\t\t\t<h2 class=\"elementor-heading-title elementor-size-default\">Curso Presencial de Instala\u00e7\u00e3o de Sistemas Fotovoltaicos Conectados \u00e0 Rede<\/h2>\t\t\t\t<\/div>\n\t\t\t\t<div class=\"elementor-element elementor-element-95cd7f8 elementor-widget elementor-widget-text-editor\" data-id=\"95cd7f8\" data-element_type=\"widget\" data-e-type=\"widget\" data-widget_type=\"text-editor.default\">\n\t\t\t\t\t\t\t\t\t<div class=\"flex-shrink-0 flex flex-col relative items-end\"><div class=\"pt-0\"><div class=\"gizmo-bot-avatar flex h-8 w-8 items-center justify-center overflow-hidden rounded-full\"><p>Se voc\u00ea deseja se profissionalizar na \u00e1rea de energia solar, o <strong>Curso de Instala\u00e7\u00e3o de Sistemas Fotovoltaicos Conectados \u00e0 Rede<\/strong> \u00e9 a oportunidade perfeita! Aprenda a dimensionar e instalar um gerador fotovoltaico e garanta uma nova fonte de renda, trabalhando com uma tecnologia sustent\u00e1vel e em alta demanda.<\/p><h4>Detalhes do Curso:<\/h4><ul><li><strong>Datas e Hor\u00e1rios<\/strong>:<br \/>Sexta-feira: 19h00 \u00e0s 23h00<br \/>S\u00e1bado e Domingo: 08h00 \u00e0s 18h00<\/li><li><strong>Carga Hor\u00e1ria Total<\/strong>: 24 horas<\/li><\/ul><h4>Por que se profissionalizar em Fotovoltaicos?<\/h4><p>O mercado de energia solar est\u00e1 em crescimento acelerado, tanto no Brasil quanto no mundo. Com uma renda m\u00e9dia de <strong>R$ 4.500,00 por instala\u00e7\u00e3o<\/strong>, esse \u00e9 o momento ideal para voc\u00ea se especializar e garantir um futuro promissor nesse setor.<\/p><h4>O que voc\u00ea vai aprender:<\/h4><h5>Parte Te\u00f3rica:<\/h5><ul><li><strong>Mercado Mundial e Nacional de Energia Fotovoltaica<\/strong>: Conhe\u00e7a os principais fabricantes e distribuidores.<\/li><li><strong>Motiva\u00e7\u00f5es para aquisi\u00e7\u00e3o de sistema fotovoltaico<\/strong>: Entenda os benef\u00edcios e as raz\u00f5es para a instala\u00e7\u00e3o.<\/li><li><strong>Normatiza\u00e7\u00e3o e Legisla\u00e7\u00e3o<\/strong>: Fique por dentro das normas que regem o setor.<\/li><li><strong>Tipos de Sistemas Fotovoltaicos<\/strong>: Saiba a diferen\u00e7a entre sistemas On Grid, Off Grid, H\u00edbridos e com banco de baterias.<\/li><li><strong>Tecnologias Dispon\u00edveis<\/strong>: Explore as mais modernas tecnologias para sistemas fotovoltaicos.<\/li><li><strong>M\u00f3dulos Fotovoltaicos<\/strong>: Diferencia\u00e7\u00e3o entre S\u00edlicio Amorfo, Policristalino, Monocristalino e Filme Fino.<\/li><li><strong>Inversores<\/strong>: Aprenda sobre inversores centralizados, microinversores e otimizadores de pot\u00eancia.<\/li><li><strong>Estruturas de Instala\u00e7\u00e3o<\/strong>: Solar Tracker, Carport e outras op\u00e7\u00f5es para sistemas eficientes.<\/li><\/ul><h4>Benef\u00edcios Exclusivos:<\/h4><ul><li><strong>Hospedagem Gratuita<\/strong> para alunos de outras regi\u00f5es.<\/li><li><strong>Certificado<\/strong> v\u00e1lido em todo o territ\u00f3rio nacional.<\/li><li><strong>Garantia de aprendizado<\/strong> com suporte p\u00f3s-curso diretamente com o professor.<\/li><\/ul><h4>Garanta sua Vaga!<\/h4><p>N\u00e3o perca essa chance de se especializar em uma \u00e1rea em franco crescimento! Para mais informa\u00e7\u00f5es e inscri\u00e7\u00f5es, entre em contato via <strong>WhatsApp<\/strong> ou preencha o formul\u00e1rio de cadastro, e nossa equipe entrar\u00e1 em contato com voc\u00ea.<\/p><p><strong>Transforme seu futuro com a energia do sol!<\/strong><\/p><\/div><\/div><\/div>\t\t\t\t\t\t\t\t<\/div>\n\t\t\t\t\t<\/div>\n\t\t\t\t<\/div>\n\t\t<div class=\"elementor-element elementor-element-9c2f073 e-flex e-con-boxed e-con e-parent\" data-id=\"9c2f073\" data-element_type=\"container\" data-e-type=\"container\">\n\t\t\t\t\t<div class=\"e-con-inner\">\n\t\t\t\t<div class=\"elementor-element elementor-element-1b0f471 elementor-align-left elementor-mobile-align-center elementor-widget elementor-widget-button\" data-id=\"1b0f471\" data-element_type=\"widget\" data-e-type=\"widget\" data-widget_type=\"button.default\">\n\t\t\t\t\t\t\t\t\t\t<a class=\"elementor-button elementor-button-link elementor-size-sm\" href=\"https:\/\/escolaplenarius.com.br\/index.php\/olaobrigado\/\">\n\t\t\t\t\t\t<span class=\"elementor-button-content-wrapper\">\n\t\t\t\t\t\t\t\t\t<span class=\"elementor-button-text\">Quero conhecer o curso!<\/span>\n\t\t\t\t\t<\/span>\n\t\t\t\t\t<\/a>\n\t\t\t\t\t\t\t\t<\/div>\n\t\t\t\t\t<\/div>\n\t\t\t\t<\/div>\n\t\t<div class=\"elementor-element elementor-element-53827a0 e-flex e-con-boxed e-con e-parent\" data-id=\"53827a0\" data-element_type=\"container\" data-e-type=\"container\">\n\t\t\t\t\t<div class=\"e-con-inner\">\n\t\t<div class=\"elementor-element elementor-element-44fe5bd e-con-full e-flex e-con e-child\" data-id=\"44fe5bd\" data-element_type=\"container\" data-e-type=\"container\">\n\t\t\t\t<div class=\"elementor-element elementor-element-8225f4a elementor-widget elementor-widget-video\" data-id=\"8225f4a\" data-element_type=\"widget\" data-e-type=\"widget\" data-settings=\"{&quot;video_type&quot;:&quot;hosted&quot;,&quot;controls&quot;:&quot;yes&quot;}\" data-widget_type=\"video.default\">\n\t\t\t\t\t\t\t<div class=\"e-hosted-video elementor-wrapper elementor-open-inline\">\n\t\t\t\t\t<video class=\"elementor-video\" src=\"https:\/\/escolaplenarius.com.br\/wp-content\/uploads\/2024\/09\/Cordenador-priscial-e-turma-legendadoe-e-be.mp4\" controls=\"\" preload=\"metadata\" controlsList=\"nodownload\"><\/video>\n\t\t\t\t<\/div>\n\t\t\t\t\t\t<\/div>\n\t\t\t\t<\/div>\n\t\t<div class=\"elementor-element elementor-element-70ddb6c e-con-full e-flex e-con e-child\" data-id=\"70ddb6c\" data-element_type=\"container\" data-e-type=\"container\">\n\t\t\t\t<div class=\"elementor-element elementor-element-5f74568 elementor-widget elementor-widget-video\" data-id=\"5f74568\" data-element_type=\"widget\" data-e-type=\"widget\" data-settings=\"{&quot;video_type&quot;:&quot;hosted&quot;,&quot;controls&quot;:&quot;yes&quot;}\" data-widget_type=\"video.default\">\n\t\t\t\t\t\t\t<div class=\"e-hosted-video elementor-wrapper elementor-open-inline\">\n\t\t\t\t\t<video class=\"elementor-video\" src=\"https:\/\/escolaplenarius.com.br\/wp-content\/uploads\/2024\/09\/Depoimento-do-ex-aluno-.mp4\" controls=\"\" preload=\"metadata\" controlsList=\"nodownload\"><\/video>\n\t\t\t\t<\/div>\n\t\t\t\t\t\t<\/div>\n\t\t\t\t<\/div>\n\t\t<div class=\"elementor-element elementor-element-5ca0a8d e-con-full e-flex e-con e-child\" data-id=\"5ca0a8d\" data-element_type=\"container\" data-e-type=\"container\">\n\t\t\t\t<div class=\"elementor-element elementor-element-d06dbb5 elementor-widget elementor-widget-video\" data-id=\"d06dbb5\" data-element_type=\"widget\" data-e-type=\"widget\" data-settings=\"{&quot;video_type&quot;:&quot;hosted&quot;,&quot;controls&quot;:&quot;yes&quot;}\" data-widget_type=\"video.default\">\n\t\t\t\t\t\t\t<div class=\"e-hosted-video elementor-wrapper elementor-open-inline\">\n\t\t\t\t\t<video class=\"elementor-video\" src=\"https:\/\/escolaplenarius.com.br\/wp-content\/uploads\/2024\/09\/Depoimento.mp4\" controls=\"\" preload=\"metadata\" controlsList=\"nodownload\"><\/video>\n\t\t\t\t<\/div>\n\t\t\t\t\t\t<\/div>\n\t\t\t\t<\/div>\n\t\t<div class=\"elementor-element elementor-element-f88dd3a e-con-full e-flex e-con e-child\" data-id=\"f88dd3a\" data-element_type=\"container\" data-e-type=\"container\">\n\t\t\t\t<div class=\"elementor-element elementor-element-a511e16 elementor-widget elementor-widget-video\" data-id=\"a511e16\" data-element_type=\"widget\" data-e-type=\"widget\" data-settings=\"{&quot;video_type&quot;:&quot;hosted&quot;,&quot;controls&quot;:&quot;yes&quot;}\" data-widget_type=\"video.default\">\n\t\t\t\t\t\t\t<div class=\"e-hosted-video elementor-wrapper elementor-open-inline\">\n\t\t\t\t\t<video class=\"elementor-video\" src=\"https:\/\/escolaplenarius.com.br\/wp-content\/uploads\/2024\/09\/Energia-fotovoltaica-1.mp4\" controls=\"\" preload=\"metadata\" controlsList=\"nodownload\"><\/video>\n\t\t\t\t<\/div>\n\t\t\t\t\t\t<\/div>\n\t\t\t\t<\/div>\n\t\t\t\t\t<\/div>\n\t\t\t\t<\/div>\n\t\t<div class=\"elementor-element elementor-element-ab9ccfd e-flex e-con-boxed e-con e-parent\" data-id=\"ab9ccfd\" data-element_type=\"container\" data-e-type=\"container\">\n\t\t\t\t\t<div class=\"e-con-inner\">\n\t\t<div class=\"elementor-element elementor-element-aac3172 e-con-full e-flex e-con e-child\" data-id=\"aac3172\" data-element_type=\"container\" data-e-type=\"container\">\n\t\t\t\t<div class=\"elementor-element elementor-element-3b4a5a7 elementor-widget elementor-widget-video\" data-id=\"3b4a5a7\" data-element_type=\"widget\" data-e-type=\"widget\" data-settings=\"{&quot;video_type&quot;:&quot;hosted&quot;,&quot;controls&quot;:&quot;yes&quot;}\" data-widget_type=\"video.default\">\n\t\t\t\t\t\t\t<div class=\"e-hosted-video elementor-wrapper elementor-open-inline\">\n\t\t\t\t\t<video class=\"elementor-video\" src=\"https:\/\/escolaplenarius.com.br\/wp-content\/uploads\/2024\/09\/Energia-fotovoltaica-3.mp4\" controls=\"\" preload=\"metadata\" controlsList=\"nodownload\"><\/video>\n\t\t\t\t<\/div>\n\t\t\t\t\t\t<\/div>\n\t\t\t\t<\/div>\n\t\t<div class=\"elementor-element elementor-element-f3f66cc e-con-full e-flex e-con e-child\" data-id=\"f3f66cc\" data-element_type=\"container\" data-e-type=\"container\">\n\t\t\t\t<div class=\"elementor-element elementor-element-875d009 elementor-widget elementor-widget-video\" data-id=\"875d009\" data-element_type=\"widget\" data-e-type=\"widget\" data-settings=\"{&quot;video_type&quot;:&quot;hosted&quot;,&quot;controls&quot;:&quot;yes&quot;}\" data-widget_type=\"video.default\">\n\t\t\t\t\t\t\t<div class=\"e-hosted-video elementor-wrapper elementor-open-inline\">\n\t\t\t\t\t<video class=\"elementor-video\" src=\"https:\/\/escolaplenarius.com.br\/wp-content\/uploads\/2024\/09\/Energia-fotovoltaica-4.mp4\" controls=\"\" preload=\"metadata\" controlsList=\"nodownload\"><\/video>\n\t\t\t\t<\/div>\n\t\t\t\t\t\t<\/div>\n\t\t\t\t<\/div>\n\t\t<div class=\"elementor-element elementor-element-0e3806f e-con-full e-flex e-con e-child\" data-id=\"0e3806f\" data-element_type=\"container\" data-e-type=\"container\">\n\t\t\t\t<div class=\"elementor-element elementor-element-b96d366 elementor-widget elementor-widget-video\" data-id=\"b96d366\" data-element_type=\"widget\" data-e-type=\"widget\" data-settings=\"{&quot;video_type&quot;:&quot;hosted&quot;,&quot;controls&quot;:&quot;yes&quot;}\" data-widget_type=\"video.default\">\n\t\t\t\t\t\t\t<div class=\"e-hosted-video elementor-wrapper elementor-open-inline\">\n\t\t\t\t\t<video class=\"elementor-video\" src=\"https:\/\/escolaplenarius.com.br\/wp-content\/uploads\/2024\/09\/Energia-fotovoltaica.mp4\" controls=\"\" preload=\"metadata\" controlsList=\"nodownload\"><\/video>\n\t\t\t\t<\/div>\n\t\t\t\t\t\t<\/div>\n\t\t\t\t<\/div>\n\t\t<div class=\"elementor-element elementor-element-52772dc e-con-full e-flex e-con e-child\" data-id=\"52772dc\" data-element_type=\"container\" data-e-type=\"container\">\n\t\t\t\t<div class=\"elementor-element elementor-element-61b4751 elementor-widget elementor-widget-video\" data-id=\"61b4751\" data-element_type=\"widget\" data-e-type=\"widget\" data-settings=\"{&quot;video_type&quot;:&quot;hosted&quot;,&quot;controls&quot;:&quot;yes&quot;}\" data-widget_type=\"video.default\">\n\t\t\t\t\t\t\t<div class=\"e-hosted-video elementor-wrapper elementor-open-inline\">\n\t\t\t\t\t<video class=\"elementor-video\" src=\"https:\/\/escolaplenarius.com.br\/wp-content\/uploads\/2024\/09\/Video-do-WhatsApp-de-2024-03-11-as-13.02.30_c20a2843.mp4\" controls=\"\" preload=\"metadata\" controlsList=\"nodownload\"><\/video>\n\t\t\t\t<\/div>\n\t\t\t\t\t\t<\/div>\n\t\t\t\t<\/div>\n\t\t\t\t\t<\/div>\n\t\t\t\t<\/div>\n\t\t\t\t<\/div>\n\t\t","protected":false},"excerpt":{"rendered":"<p>Curso Presencial de Instala\u00e7\u00e3o de Sistemas Fotovoltaicos Conectados \u00e0 Rede Se voc\u00ea deseja se profissionalizar na \u00e1rea de energia solar, o Curso de Instala\u00e7\u00e3o de Sistemas Fotovoltaicos Conectados \u00e0 Rede \u00e9 a oportunidade perfeita! Aprenda a dimensionar e instalar um gerador fotovoltaico e garanta uma nova fonte de renda, trabalhando com uma tecnologia sustent\u00e1vel e [&hellip;]<\/p>\n","protected":false},"author":3,"featured_media":0,"parent":0,"menu_order":0,"comment_status":"open","ping_status":"closed","template":"","meta":{"footnotes":""},"class_list":["post-612","page","type-page","status-publish","hentry"],"_links":{"self":[{"href":"https:\/\/escolaplenarius.com.br\/index.php\/wp-json\/wp\/v2\/pages\/612","targetHints":{"allow":["GET"]}}],"collection":[{"href":"https:\/\/escolaplenarius.com.br\/index.php\/wp-json\/wp\/v2\/pages"}],"about":[{"href":"https:\/\/escolaplenarius.com.br\/index.php\/wp-json\/wp\/v2\/types\/page"}],"author":[{"embeddable":true,"href":"https:\/\/escolaplenarius.com.br\/index.php\/wp-json\/wp\/v2\/users\/3"}],"replies":[{"embeddable":true,"href":"https:\/\/escolaplenarius.com.br\/index.php\/wp-json\/wp\/v2\/comments?post=612"}],"version-history":[{"count":28,"href":"https:\/\/escolaplenarius.com.br\/index.php\/wp-json\/wp\/v2\/pages\/612\/revisions"}],"predecessor-version":[{"id":1391,"href":"https:\/\/escolaplenarius.com.br\/index.php\/wp-json\/wp\/v2\/pages\/612\/revisions\/1391"}],"wp:attachment":[{"href":"https:\/\/escolaplenarius.com.br\/index.php\/wp-json\/wp\/v2\/media?parent=612"}],"curies":[{"name":"wp","href":"https:\/\/api.w.org\/{rel}","templated":true}]}}